{"id":145459,"date":"2024-07-11T11:07:15","date_gmt":"2024-07-11T09:07:15","guid":{"rendered":"https:\/\/lean.org.hu\/?page_id=145459"},"modified":"2025-01-15T14:38:34","modified_gmt":"2025-01-15T13:38:34","slug":"jvsz-joint-venture-szovetseg","status":"publish","type":"page","link":"https:\/\/lean.org.hu\/en\/jvsz","title":{"rendered":"JVSZ &#8211; JOINT VENTURE SZ\u00d6VETS\u00c9G"},"content":{"rendered":"<div class=\"wp-block-image\">\n<figure class=\"aligncenter size-full is-resized\"><img fetchpriority=\"high\" decoding=\"async\" width=\"1152\" height=\"250\" src=\"https:\/\/lean.org.hu\/wp-content\/uploads\/2024\/07\/Egyuttmukodo-partnerek-JVSZ-4.png\" alt=\"\" class=\"wp-image-145509\" style=\"width:1020px;height:auto\" srcset=\"https:\/\/lean.org.hu\/wp-content\/uploads\/2024\/07\/Egyuttmukodo-partnerek-JVSZ-4.png 1152w, https:\/\/lean.org.hu\/wp-content\/uploads\/2024\/07\/Egyuttmukodo-partnerek-JVSZ-4-300x65.png 300w, https:\/\/lean.org.hu\/wp-content\/uploads\/2024\/07\/Egyuttmukodo-partnerek-JVSZ-4-1024x222.png 1024w, https:\/\/lean.org.hu\/wp-content\/uploads\/2024\/07\/Egyuttmukodo-partnerek-JVSZ-4-768x167.png 768w, https:\/\/lean.org.hu\/wp-content\/uploads\/2024\/07\/Egyuttmukodo-partnerek-JVSZ-4-18x4.png 18w, https:\/\/lean.org.hu\/wp-content\/uploads\/2024\/07\/Egyuttmukodo-partnerek-JVSZ-4-200x43.png 200w\" sizes=\"(max-width: 1152px) 100vw, 1152px\" \/><\/figure><\/div>\n\n\n<div style=\"height:50px\" aria-hidden=\"true\" class=\"wp-block-spacer\"><\/div>\n\n\n\n<div class=\"wp-block-columns has-background is-layout-flex wp-container-core-columns-is-layout-9d6595d7 wp-block-columns-is-layout-flex\" style=\"background:linear-gradient(90deg,rgb(252,185,0) 34%,rgb(255,105,0) 100%)\">\n<div class=\"wp-block-column is-layout-flow wp-block-column-is-layout-flow\">\n<div style=\"height:30px\" aria-hidden=\"true\" class=\"wp-block-spacer\"><\/div>\n\n\n<div class=\"wp-block-image\">\n<figure class=\"aligncenter size-large is-resized\"><a href=\"https:\/\/www.youtube.com\/watch?v=eya8wgXVPio\" target=\"_blank\" rel=\"noreferrer noopener\"><img decoding=\"async\" width=\"1024\" height=\"536\" src=\"https:\/\/lean.org.hu\/wp-content\/uploads\/2024\/07\/JVSZ-youtube-index-kep-1024x536.png\" alt=\"\" class=\"wp-image-145463\" style=\"width:400px\" srcset=\"https:\/\/lean.org.hu\/wp-content\/uploads\/2024\/07\/JVSZ-youtube-index-kep-1024x536.png 1024w, https:\/\/lean.org.hu\/wp-content\/uploads\/2024\/07\/JVSZ-youtube-index-kep-300x157.png 300w, https:\/\/lean.org.hu\/wp-content\/uploads\/2024\/07\/JVSZ-youtube-index-kep-768x402.png 768w, https:\/\/lean.org.hu\/wp-content\/uploads\/2024\/07\/JVSZ-youtube-index-kep-18x9.png 18w, https:\/\/lean.org.hu\/wp-content\/uploads\/2024\/07\/JVSZ-youtube-index-kep-200x105.png 200w, https:\/\/lean.org.hu\/wp-content\/uploads\/2024\/07\/JVSZ-youtube-index-kep.png 1200w\" sizes=\"(max-width: 1024px) 100vw, 1024px\" \/><\/a><\/figure><\/div>\n\n\n<div style=\"height:30px\" aria-hidden=\"true\" class=\"wp-block-spacer\"><\/div>\n<\/div>\n\n\n\n<div class=\"wp-block-column is-vertically-aligned-center is-layout-flow wp-block-column-is-layout-flow\">\n<h2 class=\"wp-block-heading alignwide has-text-align-center has-base-3-color has-text-color has-link-color wp-elements-ade1c20261c97348ee5e48eb72607e83\" style=\"font-size:34px\"><strong>N\u00e9zd meg<\/strong> <br>a Joint Venture Sz\u00f6vets\u00e9g<br>bemutatkoz\u00f3 kisfilmj\u00e9t! <\/h2>\n<\/div>\n<\/div>\n\n\n\n<div style=\"height:10px\" aria-hidden=\"true\" class=\"wp-block-spacer\"><\/div>\n\n\n\n<div class=\"wp-block-columns is-layout-flex wp-container-core-columns-is-layout-9d6595d7 wp-block-columns-is-layout-flex\">\n<div class=\"wp-block-column is-layout-flow wp-block-column-is-layout-flow\">\n<div style=\"height:20px\" aria-hidden=\"true\" class=\"wp-block-spacer\"><\/div>\n\n\n\n<h2 class=\"wp-block-heading has-text-align-center\"><strong>Bemutatkoz\u00e1s<\/strong><\/h2>\n\n\n\n<p class=\"has-text-align-center\"><strong>25 f\u0151s<\/strong> <strong>eln\u00f6ks\u00e9g\u00fcnkkel<\/strong> \u00e9s <strong>150<\/strong> <strong>tagv\u00e1llalatb\u00f3l<\/strong> \u00e1ll\u00f3 szakmai k\u00f6z\u00f6ss\u00e9g\u00fcnkkel k\u00f6zel 40 \u00e9ve dolgozunk azon, hogy <strong>t\u00e1mogassuk<\/strong> a <strong>magyar gazdas\u00e1g fejl\u0151d\u00e9s\u00e9t<\/strong> \u00e9s versenyk\u00e9pess\u00e9g\u00e9nek jav\u00edt\u00e1s\u00e1t. Folyamatosan fejl\u0151d\u0151 szakmai k\u00f6z\u00f6ss\u00e9g\u00fcnk <strong>nyitva \u00e1ll minden \u00e9rdekl\u0151 c\u00e9g<\/strong> vagy <strong>v\u00e1llalkoz\u00e1s<\/strong> sz\u00e1m\u00e1ra, olyan lehet\u0151s\u00e9geket k\u00edn\u00e1lva, melyek <strong>seg\u00edthetnek \u00fczleti c\u00e9ljaik el\u00e9r\u00e9s\u00e9ben<\/strong>.<\/p>\n\n\n\n<p class=\"has-text-align-center\">A<strong> JVSZ<\/strong> az \u00e9vek sor\u00e1n <strong>sikeresen alkalmazkodott <\/strong>a megv\u00e1ltozott k\u00f6rnyezet kih\u00edv\u00e1saihoz, napjainkra Magyarorsz\u00e1g egyik<strong> legrelev\u00e1nsabb<\/strong> <strong>\u00fczleti sz\u00f6vets\u00e9g\u00e9v\u00e9<\/strong>, a mindenkori gazdas\u00e1gpolitikai d\u00f6nt\u00e9shoz\u00e1s<strong> fontos tan\u00e1csad\u00f3i<\/strong> \u00e9s <strong>v\u00e9lem\u00e9nyez\u00e9si partner\u00e9v\u00e9 v\u00e1lt<\/strong>.<\/p>\n\n\n\n<p class=\"has-text-align-center\">A JVSZ c\u00e9lkit\u0171z\u00e9se, hogy er\u0151s hidat k\u00e9pezzen a korm\u00e1nyzat \u00e9s az \u00fczleti szf\u00e9ra k\u00f6z\u00f6tt \u00e9s biztos\u00edtsa a <strong>folyamatos k\u00e9tir\u00e1ny\u00fa kommunik\u00e1ci\u00f3t<\/strong>, valamint a val\u00f3di p\u00e1rbesz\u00e9det. Tagv\u00e1llalataink a teljes magyar hazai gazdas\u00e1g kibocs\u00e1t\u00e1s\u00e1nak t\u00f6bb mint 15-20 sz\u00e1zal\u00e9k\u00e1t adj\u00e1k, a teljes magyar GDP k\u00f6zel <strong>egyharmad\u00e1t<\/strong> fedik le.<\/p>\n\n\n\n<p class=\"has-text-align-center\">Tagv\u00e1llalatainknak rendszeresen<strong> sz\u00e9lesk\u00f6r\u0171 rendezv\u00e9nyeket<\/strong> biztos\u00edtunk, <strong>szakmai<\/strong> \u00e9s<strong> t\u00e1rsadalmi <\/strong>esem\u00e9nyeken vehetnek r\u00e9szt, <strong>megoszthatj\u00e1k<\/strong> \u00e9s <strong>gyarap\u00edthatj\u00e1k tud\u00e1sukat<\/strong>.&nbsp;<\/p>\n\n\n\n<div style=\"height:30px\" aria-hidden=\"true\" class=\"wp-block-spacer\"><\/div>\n<\/div>\n<\/div>\n\n\n\n<p class=\"has-text-align-center has-base-3-color has-luminous-vivid-amber-to-luminous-vivid-orange-gradient-background has-text-color has-background has-link-color has-medium-font-size wp-elements-7407eb49991abb6905330f2e9838c9f3\">Egyes\u00fclet\u00fcnk v\u00e1llalati tagjainak munkat\u00e1rsai \u00e9s mag\u00e1nszem\u00e9ly tagjaink sz\u00e1m\u00e1ra <strong>partnerszervezeti, kedvezm\u00e9nyes jegy\u00e1rat <\/strong>biztos\u00edtunk minden <a href=\"https:\/\/jegy.jointventure.hu\/\" target=\"_blank\" rel=\"noreferrer noopener\">JVSZ \u00e1ltal szervezett rendezv\u00e9nyb\u0151l<\/a>*. <\/p>\n\n\n\n<p><em>* <a href=\"https:\/\/jegy.jointventure.hu\/regisztracio\/\" target=\"_blank\" rel=\"noreferrer noopener\">regisztr\u00e1lj a JVSZ jegy\u00e1ruh\u00e1zba<\/a>, k\u00e9rj\u00fck ott jel\u00f6ld: &#8222;Partnerszervezet tagja vagyok&#8221;<\/em><\/p>\n\n\n\n<p class=\"has-text-align-center has-base-3-color has-text-color has-background has-link-color has-medium-font-size wp-elements-d4cd60b09d1e3afb0671f58670ab1e9b\" style=\"background:linear-gradient(135deg,rgb(255,245,203) 0%,rgb(182,227,212) 0%,rgb(51,167,181) 100%)\"><strong>JVSZ tagok <\/strong>sz\u00e1m\u00e1ra 10% kedvezm\u00e9nyt** ny\u00fajtunk minden <a href=\"https:\/\/lean.org.hu\/en\/lean-webaruhaz\/\" target=\"_blank\" rel=\"noreferrer noopener\">megrendel\u00e9s<\/a>, <a href=\"https:\/\/lean.org.hu\/en\/lean-workshopok\/\" target=\"_blank\" rel=\"noreferrer noopener\">workshop<\/a>&#8211; \u00e9s konferencia r\u00e9szv\u00e9tel norm\u00e1l \u00e1r\u00e1b\u00f3l. <\/p>\n\n\n\n<p><em>**m\u00e1s kedvezm\u00e9nnyel nem \u00f6sszevonhat\u00f3<\/em>, <em>megrendel\u00e9s\/jelentkez\u00e9s<\/em> <em>megjegyz\u00e9s rovat\u00e1ba k\u00e9rj\u00fck \u00edrd be: \u201eJVSZ tag vagyok\u201d<\/em><\/p>\n\n\n\n<div style=\"height:10px\" aria-hidden=\"true\" class=\"wp-block-spacer\"><\/div>\n\n\n\n<div class=\"wp-block-columns is-layout-flex wp-container-core-columns-is-layout-9d6595d7 wp-block-columns-is-layout-flex\">\n<div class=\"wp-block-column is-layout-flow wp-block-column-is-layout-flow\">\n<div class=\"wp-block-buttons is-content-justification-center is-layout-flex wp-container-core-buttons-is-layout-16018d1d wp-block-buttons-is-layout-flex\">\n<div class=\"wp-block-button is-style-fill\"><a class=\"wp-block-button__link has-contrast-2-background-color has-background has-text-align-center wp-element-button\" href=\"https:\/\/lean.org.hu\/en\/lean-tagsag\/#vallalatitagjaink\" target=\"_blank\" rel=\"noreferrer noopener\">Megn\u00e9zem, hogy munk\u00e1ltat\u00f3m tagja-e a Magyarorsz\u00e1gi Lean Sz\u00f6vets\u00e9gnek<\/a><\/div>\n<\/div>\n<\/div>\n<\/div>\n\n\n\n<div class=\"wp-block-columns is-layout-flex wp-container-core-columns-is-layout-9d6595d7 wp-block-columns-is-layout-flex\">\n<div class=\"wp-block-column is-layout-flow wp-block-column-is-layout-flow\">\n<div class=\"wp-block-buttons is-content-justification-center is-layout-flex wp-container-core-buttons-is-layout-16018d1d wp-block-buttons-is-layout-flex\">\n<div class=\"wp-block-button\"><a class=\"wp-block-button__link wp-element-button\" href=\"https:\/\/jointventure.hu\/\" target=\"_blank\" rel=\"noreferrer noopener\">\u00c9rdekelnek a JVSZ aktu\u00e1lis programjai<\/a><\/div>\n<\/div>\n<\/div>\n<\/div>\n\n\n\n<div style=\"height:15px\" aria-hidden=\"true\" class=\"wp-block-spacer\"><\/div>\n\n\n\n<p><\/p>\n\n\n\n<div style=\"height:10px\" aria-hidden=\"true\" class=\"wp-block-spacer\"><\/div>\n\n\n\n<div style=\"height:50px\" aria-hidden=\"true\" class=\"wp-block-spacer\"><\/div>","protected":false},"excerpt":{"rendered":"","protected":false},"author":12,"featured_media":0,"parent":0,"menu_order":0,"comment_status":"closed","ping_status":"closed","template":"","meta":{"_eb_attr":"","footnotes":""},"class_list":{"0":"post-145459","1":"page","2":"type-page","3":"status-publish","5":"infinite-scroll-item","6":"no-featured-image-padding"},"featured_image_src":null,"yoast_head":"<!-- This site is optimized with the Yoast SEO plugin v27.6 - https:\/\/yoast.com\/product\/yoast-seo-wordpress\/ -->\n<title>JVSZ - JOINT VENTURE SZ\u00d6VETS\u00c9G - LEI<\/title>\n<meta name=\"robots\" content=\"index, follow, max-snippet:-1, max-image-preview:large, max-video-preview:-1\" \/>\n<link rel=\"canonical\" href=\"https:\/\/lean.org.hu\/en\/jvsz\/\" \/>\n<meta property=\"og:locale\" content=\"en_GB\" \/>\n<meta property=\"og:type\" content=\"article\" \/>\n<meta property=\"og:title\" content=\"JVSZ - JOINT VENTURE SZ\u00d6VETS\u00c9G - LEI\" \/>\n<meta property=\"og:url\" content=\"https:\/\/lean.org.hu\/en\/jvsz\/\" \/>\n<meta property=\"og:site_name\" content=\"LEI\" \/>\n<meta property=\"article:publisher\" content=\"https:\/\/www.facebook.com\/LEI.Hungary\" \/>\n<meta property=\"article:modified_time\" content=\"2025-01-15T13:38:34+00:00\" \/>\n<meta property=\"og:image\" content=\"https:\/\/lean.org.hu\/wp-content\/uploads\/2024\/07\/Egyuttmukodo-partnerek-JVSZ-4.png\" \/>\n\t<meta property=\"og:image:width\" content=\"1152\" \/>\n\t<meta property=\"og:image:height\" content=\"250\" \/>\n\t<meta property=\"og:image:type\" content=\"image\/png\" \/>\n<meta name=\"twitter:card\" content=\"summary_large_image\" \/>\n<meta name=\"twitter:label1\" content=\"Estimated reading time\" \/>\n\t<meta name=\"twitter:data1\" content=\"2 minutes\" \/>\n<script type=\"application\/ld+json\" class=\"yoast-schema-graph\">{\"@context\":\"https:\\\/\\\/schema.org\",\"@graph\":[{\"@type\":\"WebPage\",\"@id\":\"https:\\\/\\\/lean.org.hu\\\/jvsz\\\/\",\"url\":\"https:\\\/\\\/lean.org.hu\\\/jvsz\\\/\",\"name\":\"JVSZ - JOINT VENTURE SZ\u00d6VETS\u00c9G - LEI\",\"isPartOf\":{\"@id\":\"https:\\\/\\\/lean.org.hu\\\/#website\"},\"primaryImageOfPage\":{\"@id\":\"https:\\\/\\\/lean.org.hu\\\/jvsz\\\/#primaryimage\"},\"image\":{\"@id\":\"https:\\\/\\\/lean.org.hu\\\/jvsz\\\/#primaryimage\"},\"thumbnailUrl\":\"https:\\\/\\\/lean.org.hu\\\/wp-content\\\/uploads\\\/2024\\\/07\\\/Egyuttmukodo-partnerek-JVSZ-4.png\",\"datePublished\":\"2024-07-11T09:07:15+00:00\",\"dateModified\":\"2025-01-15T13:38:34+00:00\",\"breadcrumb\":{\"@id\":\"https:\\\/\\\/lean.org.hu\\\/jvsz\\\/#breadcrumb\"},\"inLanguage\":\"en-GB\",\"potentialAction\":[{\"@type\":\"ReadAction\",\"target\":[\"https:\\\/\\\/lean.org.hu\\\/jvsz\\\/\"]}]},{\"@type\":\"ImageObject\",\"inLanguage\":\"en-GB\",\"@id\":\"https:\\\/\\\/lean.org.hu\\\/jvsz\\\/#primaryimage\",\"url\":\"https:\\\/\\\/lean.org.hu\\\/wp-content\\\/uploads\\\/2024\\\/07\\\/Egyuttmukodo-partnerek-JVSZ-4.png\",\"contentUrl\":\"https:\\\/\\\/lean.org.hu\\\/wp-content\\\/uploads\\\/2024\\\/07\\\/Egyuttmukodo-partnerek-JVSZ-4.png\"},{\"@type\":\"BreadcrumbList\",\"@id\":\"https:\\\/\\\/lean.org.hu\\\/jvsz\\\/#breadcrumb\",\"itemListElement\":[{\"@type\":\"ListItem\",\"position\":1,\"name\":\"Kezd\u0151lap\",\"item\":\"https:\\\/\\\/lean.org.hu\\\/\"},{\"@type\":\"ListItem\",\"position\":2,\"name\":\"JVSZ &#8211; JOINT VENTURE SZ\u00d6VETS\u00c9G\"}]},{\"@type\":\"WebSite\",\"@id\":\"https:\\\/\\\/lean.org.hu\\\/#website\",\"url\":\"https:\\\/\\\/lean.org.hu\\\/\",\"name\":\"LEI\",\"description\":\"\",\"publisher\":{\"@id\":\"https:\\\/\\\/lean.org.hu\\\/#organization\"},\"potentialAction\":[{\"@type\":\"SearchAction\",\"target\":{\"@type\":\"EntryPoint\",\"urlTemplate\":\"https:\\\/\\\/lean.org.hu\\\/?s={search_term_string}\"},\"query-input\":{\"@type\":\"PropertyValueSpecification\",\"valueRequired\":true,\"valueName\":\"search_term_string\"}}],\"inLanguage\":\"en-GB\"},{\"@type\":\"Organization\",\"@id\":\"https:\\\/\\\/lean.org.hu\\\/#organization\",\"name\":\"LEI\",\"url\":\"https:\\\/\\\/lean.org.hu\\\/\",\"logo\":{\"@type\":\"ImageObject\",\"inLanguage\":\"en-GB\",\"@id\":\"https:\\\/\\\/lean.org.hu\\\/#\\\/schema\\\/logo\\\/image\\\/\",\"url\":\"https:\\\/\\\/lean.org.hu\\\/wp-content\\\/uploads\\\/2020\\\/07\\\/cropped-lean_logo_final_color_horizontal.png\",\"contentUrl\":\"https:\\\/\\\/lean.org.hu\\\/wp-content\\\/uploads\\\/2020\\\/07\\\/cropped-lean_logo_final_color_horizontal.png\",\"width\":779,\"height\":288,\"caption\":\"LEI\"},\"image\":{\"@id\":\"https:\\\/\\\/lean.org.hu\\\/#\\\/schema\\\/logo\\\/image\\\/\"},\"sameAs\":[\"https:\\\/\\\/www.facebook.com\\\/LEI.Hungary\",\"https:\\\/\\\/www.linkedin.com\\\/company\\\/lean-enterprise-institute-hungary\"]}]}<\/script>\n<!-- \/ Yoast SEO plugin. -->","yoast_head_json":{"title":"JVSZ - JOINT VENTURE SZ\u00d6VETS\u00c9G - LEI","robots":{"index":"index","follow":"follow","max-snippet":"max-snippet:-1","max-image-preview":"max-image-preview:large","max-video-preview":"max-video-preview:-1"},"canonical":"https:\/\/lean.org.hu\/en\/jvsz\/","og_locale":"en_GB","og_type":"article","og_title":"JVSZ - JOINT VENTURE SZ\u00d6VETS\u00c9G - LEI","og_url":"https:\/\/lean.org.hu\/en\/jvsz\/","og_site_name":"LEI","article_publisher":"https:\/\/www.facebook.com\/LEI.Hungary","article_modified_time":"2025-01-15T13:38:34+00:00","og_image":[{"width":1152,"height":250,"url":"https:\/\/lean.org.hu\/wp-content\/uploads\/2024\/07\/Egyuttmukodo-partnerek-JVSZ-4.png","type":"image\/png"}],"twitter_card":"summary_large_image","twitter_misc":{"Estimated reading time":"2 minutes"},"schema":{"@context":"https:\/\/schema.org","@graph":[{"@type":"WebPage","@id":"https:\/\/lean.org.hu\/jvsz\/","url":"https:\/\/lean.org.hu\/jvsz\/","name":"JVSZ - JOINT VENTURE SZ\u00d6VETS\u00c9G - LEI","isPartOf":{"@id":"https:\/\/lean.org.hu\/#website"},"primaryImageOfPage":{"@id":"https:\/\/lean.org.hu\/jvsz\/#primaryimage"},"image":{"@id":"https:\/\/lean.org.hu\/jvsz\/#primaryimage"},"thumbnailUrl":"https:\/\/lean.org.hu\/wp-content\/uploads\/2024\/07\/Egyuttmukodo-partnerek-JVSZ-4.png","datePublished":"2024-07-11T09:07:15+00:00","dateModified":"2025-01-15T13:38:34+00:00","breadcrumb":{"@id":"https:\/\/lean.org.hu\/jvsz\/#breadcrumb"},"inLanguage":"en-GB","potentialAction":[{"@type":"ReadAction","target":["https:\/\/lean.org.hu\/jvsz\/"]}]},{"@type":"ImageObject","inLanguage":"en-GB","@id":"https:\/\/lean.org.hu\/jvsz\/#primaryimage","url":"https:\/\/lean.org.hu\/wp-content\/uploads\/2024\/07\/Egyuttmukodo-partnerek-JVSZ-4.png","contentUrl":"https:\/\/lean.org.hu\/wp-content\/uploads\/2024\/07\/Egyuttmukodo-partnerek-JVSZ-4.png"},{"@type":"BreadcrumbList","@id":"https:\/\/lean.org.hu\/jvsz\/#breadcrumb","itemListElement":[{"@type":"ListItem","position":1,"name":"Kezd\u0151lap","item":"https:\/\/lean.org.hu\/"},{"@type":"ListItem","position":2,"name":"JVSZ &#8211; JOINT VENTURE SZ\u00d6VETS\u00c9G"}]},{"@type":"WebSite","@id":"https:\/\/lean.org.hu\/#website","url":"https:\/\/lean.org.hu\/","name":"LEI","description":"","publisher":{"@id":"https:\/\/lean.org.hu\/#organization"},"potentialAction":[{"@type":"SearchAction","target":{"@type":"EntryPoint","urlTemplate":"https:\/\/lean.org.hu\/?s={search_term_string}"},"query-input":{"@type":"PropertyValueSpecification","valueRequired":true,"valueName":"search_term_string"}}],"inLanguage":"en-GB"},{"@type":"Organization","@id":"https:\/\/lean.org.hu\/#organization","name":"LEI","url":"https:\/\/lean.org.hu\/","logo":{"@type":"ImageObject","inLanguage":"en-GB","@id":"https:\/\/lean.org.hu\/#\/schema\/logo\/image\/","url":"https:\/\/lean.org.hu\/wp-content\/uploads\/2020\/07\/cropped-lean_logo_final_color_horizontal.png","contentUrl":"https:\/\/lean.org.hu\/wp-content\/uploads\/2020\/07\/cropped-lean_logo_final_color_horizontal.png","width":779,"height":288,"caption":"LEI"},"image":{"@id":"https:\/\/lean.org.hu\/#\/schema\/logo\/image\/"},"sameAs":["https:\/\/www.facebook.com\/LEI.Hungary","https:\/\/www.linkedin.com\/company\/lean-enterprise-institute-hungary"]}]}},"_links":{"self":[{"href":"https:\/\/lean.org.hu\/en\/wp-json\/wp\/v2\/pages\/145459","targetHints":{"allow":["GET"]}}],"collection":[{"href":"https:\/\/lean.org.hu\/en\/wp-json\/wp\/v2\/pages"}],"about":[{"href":"https:\/\/lean.org.hu\/en\/wp-json\/wp\/v2\/types\/page"}],"author":[{"embeddable":true,"href":"https:\/\/lean.org.hu\/en\/wp-json\/wp\/v2\/users\/12"}],"replies":[{"embeddable":true,"href":"https:\/\/lean.org.hu\/en\/wp-json\/wp\/v2\/comments?post=145459"}],"version-history":[{"count":5,"href":"https:\/\/lean.org.hu\/en\/wp-json\/wp\/v2\/pages\/145459\/revisions"}],"predecessor-version":[{"id":146412,"href":"https:\/\/lean.org.hu\/en\/wp-json\/wp\/v2\/pages\/145459\/revisions\/146412"}],"wp:attachment":[{"href":"https:\/\/lean.org.hu\/en\/wp-json\/wp\/v2\/media?parent=145459"}],"curies":[{"name":"wp","href":"https:\/\/api.w.org\/{rel}","templated":true}]}}