{"id":144805,"date":"2024-04-02T13:40:00","date_gmt":"2024-04-02T11:40:00","guid":{"rendered":"https:\/\/lean.org.hu\/?page_id=144805"},"modified":"2026-03-19T09:46:20","modified_gmt":"2026-03-19T08:46:20","slug":"leading-to-learn-coaching-and-leadership-skills-to-build-a-chain-of-learning-by-katie-anderson","status":"publish","type":"page","link":"https:\/\/lean.org.hu\/en\/leading-to-learn-by-katie-anderson","title":{"rendered":"Leading to Learn: Coaching and Leadership Skills to Build a \u201cChain of Learning\u201d by Katie Anderson"},"content":{"rendered":"<div style=\"height:20px\" aria-hidden=\"true\" class=\"wp-block-spacer\"><\/div>\n\n\n\n<h2 class=\"wp-block-heading has-text-align-center\" id=\"projektalapu-gyakorlati-lean-program-nemzetkozi-tanusitassal\"><strong>EXCLUSIVE PRE-SUMMIT WORKSHOP<\/strong><br><strong>11th INTERNATIONAL LEAN SUMMIT<\/strong><\/h2>\n\n\n\n<h2 class=\"wp-block-heading has-text-align-center\" id=\"projektalapu-gyakorlati-lean-program-nemzetkozi-tanusitassal\"><strong>Leading to Learn: <\/strong><br>Coaching and Leadership Skills to Build a \u201cChain of Learning\u201d<br><br>by<strong> Katie Anderson<\/strong><\/h2>\n\n\n\n<h2 class=\"wp-block-heading has-text-align-center\" id=\"projektalapu-gyakorlati-lean-program-nemzetkozi-tanusitassal\">June 5th<br>Budapest<\/h2>\n\n\n\n<div style=\"height:20px\" aria-hidden=\"true\" class=\"wp-block-spacer\"><\/div>\n\n\n\n<div class=\"wp-block-buttons is-content-justification-center is-layout-flex wp-container-core-buttons-is-layout-16018d1d wp-block-buttons-is-layout-flex\">\n<div class=\"wp-block-button\"><a class=\"wp-block-button__link wp-element-button\" href=\"https:\/\/lean.org.hu\/en\/leading-to-learn-by-katie-anderson\/#jelentkezesi-lap\" style=\"border-radius:5px\"><strong>Click here to apply!<\/strong><\/a><\/div>\n<\/div>\n\n\n\n<div style=\"height:30px\" aria-hidden=\"true\" class=\"wp-block-spacer\"><\/div>\n\n\n<div class=\"wp-block-image\">\n<figure class=\"aligncenter size-large\"><img fetchpriority=\"high\" decoding=\"async\" width=\"1024\" height=\"354\" src=\"https:\/\/lean.org.hu\/wp-content\/uploads\/2024\/04\/Katie-Anderson_ws_banner-1024x354.png\" alt=\"\" class=\"wp-image-145078\" srcset=\"https:\/\/lean.org.hu\/wp-content\/uploads\/2024\/04\/Katie-Anderson_ws_banner-1024x354.png 1024w, https:\/\/lean.org.hu\/wp-content\/uploads\/2024\/04\/Katie-Anderson_ws_banner-300x104.png 300w, https:\/\/lean.org.hu\/wp-content\/uploads\/2024\/04\/Katie-Anderson_ws_banner-768x266.png 768w, https:\/\/lean.org.hu\/wp-content\/uploads\/2024\/04\/Katie-Anderson_ws_banner-18x6.png 18w, https:\/\/lean.org.hu\/wp-content\/uploads\/2024\/04\/Katie-Anderson_ws_banner-200x69.png 200w, https:\/\/lean.org.hu\/wp-content\/uploads\/2024\/04\/Katie-Anderson_ws_banner.png 1300w\" sizes=\"(max-width: 1024px) 100vw, 1024px\" \/><\/figure><\/div>\n\n\n<div style=\"height:30px\" aria-hidden=\"true\" class=\"wp-block-spacer\"><\/div>\n\n\n\n<div class=\"wp-block-group has-background\" style=\"background:linear-gradient(135deg,rgb(252,185,0) 43%,rgb(255,105,0) 100%)\"><div class=\"wp-block-group__inner-container is-layout-constrained wp-block-group-is-layout-constrained\">\n<h2 class=\"wp-block-heading has-text-align-center\">What is your <strong>leadership purpose?<\/strong><\/h2>\n\n\n\n<h2 class=\"wp-block-heading has-text-align-center\">How can you <strong>achieve results and develop people<\/strong> at the same time?<\/h2>\n\n\n\n<h2 class=\"wp-block-heading has-text-align-center\">What is the secret to success of <strong>people-centered learning organizations?<\/strong><\/h2>\n\n\n\n<div style=\"height:10px\" aria-hidden=\"true\" class=\"wp-block-spacer\"><\/div>\n<\/div><\/div>\n\n\n\n<div style=\"height:30px\" aria-hidden=\"true\" class=\"wp-block-spacer\"><\/div>\n\n\n\n<p class=\"has-medium-font-size\">Too often, organizations and their leaders are focused on delivering business outcomes <strong>at the expense of developing their people\u2019s problem-solving capabilities.<\/strong> In many cases they are applying the tools of lean and continuous improvement <strong>without understanding their broader purpose.<\/strong><\/p>\n\n\n\n<p class=\"has-medium-font-size\">The secret to successful companies is <strong>an attitude towards learning, scientific thinking, and people development<\/strong> \u2013 they develop a \u201cChain of Learning\u201d throughout the organization. <\/p>\n\n\n\n<p class=\"has-medium-font-size\"><strong>This starts with leaders<\/strong> understanding their purpose and role in achieving business outcomes by setting <strong>clarity of direction,<\/strong> providing <strong>support to their people,<\/strong> and <strong>developing themselves<\/strong> at the same time.<\/p>\n\n\n\n<div style=\"height:20px\" aria-hidden=\"true\" class=\"wp-block-spacer\"><\/div>\n\n\n<div class=\"wp-block-image\">\n<figure class=\"aligncenter size-full\"><img decoding=\"async\" width=\"1300\" height=\"450\" src=\"https:\/\/lean.org.hu\/wp-content\/uploads\/2024\/04\/Katie-Anderson_ws_banner_montazs1.png\" alt=\"\" class=\"wp-image-145083\" srcset=\"https:\/\/lean.org.hu\/wp-content\/uploads\/2024\/04\/Katie-Anderson_ws_banner_montazs1.png 1300w, https:\/\/lean.org.hu\/wp-content\/uploads\/2024\/04\/Katie-Anderson_ws_banner_montazs1-300x104.png 300w, https:\/\/lean.org.hu\/wp-content\/uploads\/2024\/04\/Katie-Anderson_ws_banner_montazs1-1024x354.png 1024w, https:\/\/lean.org.hu\/wp-content\/uploads\/2024\/04\/Katie-Anderson_ws_banner_montazs1-768x266.png 768w, https:\/\/lean.org.hu\/wp-content\/uploads\/2024\/04\/Katie-Anderson_ws_banner_montazs1-18x6.png 18w, https:\/\/lean.org.hu\/wp-content\/uploads\/2024\/04\/Katie-Anderson_ws_banner_montazs1-200x69.png 200w\" sizes=\"(max-width: 1300px) 100vw, 1300px\" \/><\/figure><\/div>\n\n\n<div style=\"height:30px\" aria-hidden=\"true\" class=\"wp-block-spacer\"><\/div>\n\n\n\n<h2 class=\"wp-block-heading has-text-align-center\"><strong>In this interactive workshop&#8230; <\/strong><\/h2>\n\n\n\n<div style=\"height:20px\" aria-hidden=\"true\" class=\"wp-block-spacer\"><\/div>\n\n\n\n<p class=\"has-text-align-center has-accent-color has-text-color has-link-color has-medium-font-size wp-elements-9f3c16ed3bccd300efffa0988992197f\">&#8230;YOU WILL DISCOVER the <strong>secret to developing an organizational culture of improvement.<\/strong><\/p>\n\n\n\n<p class=\"has-text-align-center has-medium-font-size\">&#8230;YOU WILL UNDERSTAND the <strong>threefold purpose of a leader<\/strong> <strong>to create a thriving learning organization<\/strong> built on a foundation of scientific thinking. <\/p>\n\n\n\n<p class=\"has-text-align-center has-accent-color has-text-color has-link-color has-medium-font-size wp-elements-50f3a8974fcc8831c6d29263805b40a4\">&#8230;WE WILL DISCUSS <strong>real life examples from Toyota,<\/strong> documented in the Shingo award-winning book <em>&#8222;Learning to Lead, Leading to Learn\u201d.<\/em><\/p>\n\n\n\n<p class=\"has-text-align-center has-medium-font-size\">&#8230;YOU WILL PRACTICE essential skills to <strong>strengthen scientific problem-solving capabilities in you and your people <\/strong>\u2013 such as asking questions, listening, and providing coaching feedback \u2013 to create a Chain of Learning.<\/p>\n\n\n\n<p class=\"has-text-align-center has-accent-color has-text-color has-link-color has-medium-font-size wp-elements-cf62a53a665771a3f2db86bd41595d6d\">&#8230;YOU WILL WALK AWAY from this day with <strong>increased confidence and capability, and simple tools and practices that you can apply immediately <\/strong>to bolster your leadership and coaching capabilities to solve problems, achieve goals, and develop your people.<\/p>\n\n\n\n<div style=\"height:20px\" aria-hidden=\"true\" class=\"wp-block-spacer\"><\/div>\n\n\n\n<div class=\"wp-block-buttons is-content-justification-center is-layout-flex wp-container-core-buttons-is-layout-16018d1d wp-block-buttons-is-layout-flex\">\n<div class=\"wp-block-button\"><a class=\"wp-block-button__link wp-element-button\" href=\"https:\/\/lean.org.hu\/en\/leading-to-learn-by-katie-anderson\/#jelentkezesi-lap\" style=\"border-radius:5px\"><strong>Click here to apply!<\/strong><\/a><\/div>\n<\/div>\n\n\n\n<div style=\"height:20px\" aria-hidden=\"true\" class=\"wp-block-spacer\"><\/div>\n\n\n\n<div class=\"wp-block-group has-very-light-gray-to-cyan-bluish-gray-gradient-background has-background\"><div class=\"wp-block-group__inner-container is-layout-flow wp-block-group-is-layout-flow\">\n<div style=\"height:10px\" aria-hidden=\"true\" class=\"wp-block-spacer\"><\/div>\n\n\n\n<h2 class=\"wp-block-heading has-text-align-center\" id=\"korabbi-resztvevoink-szerint\"><strong>Who will be your trainer?<\/strong><\/h2>\n\n\n\n<div style=\"height:20px\" aria-hidden=\"true\" class=\"wp-block-spacer\"><\/div>\n\n\n\n<div class=\"wp-block-columns is-layout-flex wp-container-core-columns-is-layout-9d6595d7 wp-block-columns-is-layout-flex\">\n<div class=\"wp-block-column is-layout-flow wp-block-column-is-layout-flow\" style=\"flex-basis:33.33%\"><div class=\"wp-block-image is-style-default\">\n<figure class=\"aligncenter size-full is-resized\"><img decoding=\"async\" src=\"https:\/\/lean.org.hu\/wp-content\/uploads\/2024\/04\/Katie-Anderson_red.png\" alt=\"\" class=\"wp-image-145074\" style=\"width:300px\"\/><figcaption class=\"wp-element-caption\"><strong>Katie Anderson<\/strong><br><em>Consultant,<\/em><br><em>Bestselling Author, Speaker<\/em><\/figcaption><\/figure><\/div><\/div>\n\n\n\n<div class=\"wp-block-column is-layout-flow wp-block-column-is-layout-flow\" style=\"flex-basis:66.66%\">\n<p><strong>Katie Anderson<\/strong> is an internationally recognized leadership consultant, coach, professional speaker, and learning enthusiast, <strong>dedicated to helping purpose-driven leaders create cultures of learning<\/strong> and accelerate individual and organizational impact.&nbsp;<\/p>\n\n\n\n<p>A skilled change agent and coach, Katie has supported thousands of leaders across a range of industries to create organizational learning cultures that <strong>foster innovation, engagement, and continuous improvement.<\/strong> <\/p>\n\n\n\n<p>A popular keynote speaker, she is the author of the bestselling book&nbsp;<em>Learning to Lead, Leading to Learn<\/em>, which has received multiple international awards, including the <strong>Shingo Publication Award,<\/strong> and has been translated into <strong>eight languages.<\/strong> Katie is also the host of the transformational leadership podcast <em>Chain of Learning.<\/em><\/p>\n<\/div>\n<\/div>\n\n\n\n<p>Katie holds a BA with honors from <strong>Stanford University<\/strong> and was a Fulbright Scholar in Australia, where she received her Master\u2019s degree in public health. She has lived in seven countries, and r<strong>egularly leads executive study trips to Japan <\/strong>for leaders looking to deepen their knowledge of people-centered leadership, operational excellence, and Japanese culture.<\/p>\n\n\n\n<div style=\"height:20px\" aria-hidden=\"true\" class=\"wp-block-spacer\"><\/div>\n<\/div><\/div>\n\n\n\n<div style=\"height:30px\" aria-hidden=\"true\" class=\"wp-block-spacer\"><\/div>\n\n\n\n<h2 class=\"wp-block-heading has-text-align-center\"><strong>Location<\/strong><\/h2>\n\n\n\n<p class=\"has-text-align-center has-medium-font-size\"><strong>AQUAWORLD RESORT BUDAPEST<br>1044 BUDAPEST, \u00cdVES \u00daT 16.<\/strong><\/p>\n\n\n\n<div style=\"height:20px\" aria-hidden=\"true\" class=\"wp-block-spacer\"><\/div>\n\n\n\n<div style=\"text-align:center;\"><iframe src=\"https:\/\/www.google.com\/maps\/embed?pb=!1m18!1m12!1m3!1d2690.3253771558766!2d19.110270815630322!3d47.60036252918421!2m3!1f0!2f0!3f0!3m2!1i1024!2i768!4f13.1!3m3!1m2!1s0x4741d0bb8235bf07%3A0x548a16a2efd67fe7!2sAquaworld%20Resort%20Budapest!5e0!3m2!1shu!2shu!4v1680586369879!5m2!1shu!2shu\" style=\"border:0;\" allowfullscreen=\"\" loading=\"lazy\" referrerpolicy=\"no-referrer-when-downgrade\" width=\"900\" height=\"300\"><\/iframe><\/div>\n\n\n\n<div style=\"height:40px\" aria-hidden=\"true\" class=\"wp-block-spacer\"><\/div>\n\n\n<div class=\"gb-container gb-container-3dcebfcf\">\n\n<div class=\"wp-block-group has-pale-ocean-gradient-background has-background\"><div class=\"wp-block-group__inner-container is-layout-flow wp-block-group-is-layout-flow\">\n<div style=\"height:20px\" aria-hidden=\"true\" class=\"wp-block-spacer\"><\/div>\n\n\n\n<h2 class=\"wp-block-heading has-text-align-center has-contrast-color has-text-color\" id=\"operativ-reszletek\"><strong><strong>Operative details<\/strong><\/strong><\/h2>\n\n\n\n<div style=\"height:20px\" aria-hidden=\"true\" class=\"wp-block-spacer\"><\/div>\n\n\n\n<figure class=\"wp-block-table is-style-regular\"><table class=\"has-fixed-layout\"><thead><tr><th class=\"has-text-align-center\" data-align=\"center\">PRE-SUMMIT WORKSHOP<\/th><th class=\"has-text-align-center\" data-align=\"center\"><strong>EARLY BIRD PRICE FOR MEMBERS (-40%)<\/strong><br><strong>(until april 26th)<\/strong><\/th><th class=\"has-text-align-center\" data-align=\"center\"><strong>EARLY BIRD <\/strong><br><strong>FULL PRICE<\/strong><br><strong>(until april 26th)<\/strong><\/th><th class=\"has-text-align-center\" data-align=\"center\"><strong>REGULAR PRICE <\/strong><br><strong>FOR MEMBERS (-40%)<\/strong><br><strong>(after april 26th)<\/strong><\/th><th class=\"has-text-align-center\" data-align=\"center\"><strong>REGULAR <\/strong><br><strong>FULL PRICE<\/strong><br><strong>(after april 26th)<\/strong><\/th><\/tr><\/thead><tbody><tr><td class=\"has-text-align-center\" data-align=\"center\"><strong>Participation fee* <\/strong><\/td><td class=\"has-text-align-center\" data-align=\"center\">179.000 Ft + VAT\/person<\/td><td class=\"has-text-align-center\" data-align=\"center\">256.000 Ft + VAT\/person<\/td><td class=\"has-text-align-center\" data-align=\"center\">199.000 Ft + VAT\/person<\/td><td class=\"has-text-align-center\" data-align=\"center\">285.000 Ft + VAT\/person<\/td><\/tr><\/tbody><\/table><\/figure>\n\n\n\n<p class=\"has-text-align-center\">*<strong>This is the fee of the pre-summit workshop only! <\/strong><br><strong>If you would also like to attend the International Lean Summit the next day, you need to apply <a href=\"https:\/\/lean.org.hu\/en\/nemzetkozi-lean-konferencia\/\" target=\"_blank\" rel=\"noreferrer noopener\">separately here. <\/a><\/strong><\/p>\n\n\n\n<p class=\"has-text-align-center has-medium-font-size\"><strong>Date<\/strong>: June 5th, Wednesday<br><strong>Duration: <\/strong>9:00 &#8211; 16:30<br><strong>Registration: <\/strong>8:30 &#8211; 8:45<br><strong>Number of people:<\/strong> <strong>max. 25 <br>Language of the workshop:<\/strong> English &#8211; there will be NO simultaneous translation!<\/p>\n\n\n\n<div style=\"height:20px\" aria-hidden=\"true\" class=\"wp-block-spacer\"><\/div>\n<\/div><\/div>\n\n<\/div>\n\n\n<div class=\"wp-block-group\"><div class=\"wp-block-group__inner-container is-layout-flow wp-block-group-is-layout-flow\">\n<div style=\"height:30px\" aria-hidden=\"true\" class=\"wp-block-spacer\"><\/div>\n\n\n\n<div class=\"wp-block-buttons is-content-justification-center is-layout-flex wp-container-core-buttons-is-layout-16018d1d wp-block-buttons-is-layout-flex\">\n<div class=\"wp-block-button\"><a class=\"wp-block-button__link wp-element-button\" href=\"https:\/\/lean.org.hu\/en\/hoshin-kanri-josh-howellhttps:\/\/lean.org.hu\/leading-to-learn-by-katie-anderson\/#jelentkezesi-lap\" style=\"border-radius:5px\"><strong>Click here to apply!<\/strong><\/a><\/div>\n<\/div>\n\n\n\n<div style=\"height:30px\" aria-hidden=\"true\" class=\"wp-block-spacer\"><\/div>\n<\/div><\/div>\n\n\n\n<div style=\"height:30px\" aria-hidden=\"true\" class=\"wp-block-spacer\"><\/div>\n\n\n\n<h2 class=\"wp-block-heading has-text-align-center\" id=\"jelentkezesi-lap\"><strong>Jelentkez\u00e9si lap<\/strong><\/h2>\n\n\n\n<p class=\"has-text-align-center has-medium-font-size\"><strong>Itt csak a fenti felvezet\u0151 workshopra tudod leadni jelentkez\u00e9sedet! <\/strong><br><strong>Amennyiben a m\u00e1snapi XI. Nemzetk\u00f6zi Lean Konferenci\u00e1n is szeretn\u00e9l r\u00e9szt venni, akkor<\/strong><br><strong><a href=\"https:\/\/lean.org.hu\/en\/nemzetkozi-lean-konferencia\/\" target=\"_blank\" rel=\"noreferrer noopener\">itt tal\u00e1lod<\/a> a programmal \u00e9s a jelentkez\u00e9ssel kapcsolatos r\u00e9szleteket. <\/strong><\/p>\n\n\n\n<p class=\"has-text-align-center has-medium-font-size\">A felvezet\u0151 workshopon val\u00f3 r\u00e9szv\u00e9telnek&nbsp;<strong>NEM felt\u00e9tele&nbsp;<\/strong>a m\u00e1snapi konferenci\u00e1n val\u00f3 r\u00e9szv\u00e9tel.<\/p>\n\n\n\n<iframe src=\"https:\/\/script.google.com\/macros\/s\/AKfycbw-xS2uq_ZEHCB4EhicbkvsJZf5kCKGjlB9zEG7_Zq4vn7FLrzB7TbPhbkcpcgUUYc4\/exec\" height=\"2500px\" width=\"100%\"><\/iframe>","protected":false},"excerpt":{"rendered":"","protected":false},"author":9,"featured_media":0,"parent":0,"menu_order":0,"comment_status":"closed","ping_status":"closed","template":"","meta":{"_eb_attr":"","footnotes":""},"class_list":{"0":"post-144805","1":"page","2":"type-page","3":"status-publish","5":"infinite-scroll-item","6":"no-featured-image-padding"},"featured_image_src":null,"yoast_head":"<!-- This site is optimized with the Yoast SEO plugin v27.5 - https:\/\/yoast.com\/product\/yoast-seo-wordpress\/ -->\n<title>Leading to Learn: Coaching and Leadership Skills to Build a \u201cChain of Learning\u201d by Katie Anderson - LEI<\/title>\n<meta name=\"robots\" content=\"index, follow, max-snippet:-1, max-image-preview:large, max-video-preview:-1\" \/>\n<link rel=\"canonical\" href=\"https:\/\/lean.org.hu\/en\/leading-to-learn-by-katie-anderson\/\" \/>\n<meta property=\"og:locale\" content=\"en_GB\" \/>\n<meta property=\"og:type\" content=\"article\" \/>\n<meta property=\"og:title\" content=\"Leading to Learn: Coaching and Leadership Skills to Build a \u201cChain of Learning\u201d by Katie Anderson - LEI\" \/>\n<meta property=\"og:url\" content=\"https:\/\/lean.org.hu\/en\/leading-to-learn-by-katie-anderson\/\" \/>\n<meta property=\"og:site_name\" content=\"LEI\" \/>\n<meta property=\"article:publisher\" content=\"https:\/\/www.facebook.com\/LEI.Hungary\" \/>\n<meta property=\"article:modified_time\" content=\"2026-03-19T08:46:20+00:00\" \/>\n<meta property=\"og:image\" content=\"https:\/\/lean.org.hu\/wp-content\/uploads\/2024\/04\/Katie_pre-summit-ws.png\" \/>\n\t<meta property=\"og:image:width\" content=\"1200\" \/>\n\t<meta property=\"og:image:height\" content=\"628\" \/>\n\t<meta property=\"og:image:type\" content=\"image\/png\" \/>\n<meta name=\"twitter:card\" content=\"summary_large_image\" \/>\n<meta name=\"twitter:label1\" content=\"Estimated reading time\" \/>\n\t<meta name=\"twitter:data1\" content=\"4 minutes\" \/>\n<script type=\"application\/ld+json\" class=\"yoast-schema-graph\">{\"@context\":\"https:\\\/\\\/schema.org\",\"@graph\":[{\"@type\":\"WebPage\",\"@id\":\"https:\\\/\\\/lean.org.hu\\\/leading-to-learn-by-katie-anderson\\\/\",\"url\":\"https:\\\/\\\/lean.org.hu\\\/leading-to-learn-by-katie-anderson\\\/\",\"name\":\"Leading to Learn: Coaching and Leadership Skills to Build a \u201cChain of Learning\u201d by Katie Anderson - LEI\",\"isPartOf\":{\"@id\":\"https:\\\/\\\/lean.org.hu\\\/#website\"},\"primaryImageOfPage\":{\"@id\":\"https:\\\/\\\/lean.org.hu\\\/leading-to-learn-by-katie-anderson\\\/#primaryimage\"},\"image\":{\"@id\":\"https:\\\/\\\/lean.org.hu\\\/leading-to-learn-by-katie-anderson\\\/#primaryimage\"},\"thumbnailUrl\":\"https:\\\/\\\/lean.org.hu\\\/wp-content\\\/uploads\\\/2024\\\/04\\\/Katie-Anderson_ws_banner-1024x354.png\",\"datePublished\":\"2024-04-02T11:40:00+00:00\",\"dateModified\":\"2026-03-19T08:46:20+00:00\",\"breadcrumb\":{\"@id\":\"https:\\\/\\\/lean.org.hu\\\/leading-to-learn-by-katie-anderson\\\/#breadcrumb\"},\"inLanguage\":\"en-GB\",\"potentialAction\":[{\"@type\":\"ReadAction\",\"target\":[\"https:\\\/\\\/lean.org.hu\\\/leading-to-learn-by-katie-anderson\\\/\"]}]},{\"@type\":\"ImageObject\",\"inLanguage\":\"en-GB\",\"@id\":\"https:\\\/\\\/lean.org.hu\\\/leading-to-learn-by-katie-anderson\\\/#primaryimage\",\"url\":\"https:\\\/\\\/lean.org.hu\\\/wp-content\\\/uploads\\\/2024\\\/04\\\/Katie-Anderson_ws_banner-1024x354.png\",\"contentUrl\":\"https:\\\/\\\/lean.org.hu\\\/wp-content\\\/uploads\\\/2024\\\/04\\\/Katie-Anderson_ws_banner-1024x354.png\"},{\"@type\":\"BreadcrumbList\",\"@id\":\"https:\\\/\\\/lean.org.hu\\\/leading-to-learn-by-katie-anderson\\\/#breadcrumb\",\"itemListElement\":[{\"@type\":\"ListItem\",\"position\":1,\"name\":\"Kezd\u0151lap\",\"item\":\"https:\\\/\\\/lean.org.hu\\\/\"},{\"@type\":\"ListItem\",\"position\":2,\"name\":\"Leading to Learn: Coaching and Leadership Skills to Build a \u201cChain of Learning\u201d by Katie Anderson\"}]},{\"@type\":\"WebSite\",\"@id\":\"https:\\\/\\\/lean.org.hu\\\/#website\",\"url\":\"https:\\\/\\\/lean.org.hu\\\/\",\"name\":\"LEI\",\"description\":\"\",\"publisher\":{\"@id\":\"https:\\\/\\\/lean.org.hu\\\/#organization\"},\"potentialAction\":[{\"@type\":\"SearchAction\",\"target\":{\"@type\":\"EntryPoint\",\"urlTemplate\":\"https:\\\/\\\/lean.org.hu\\\/?s={search_term_string}\"},\"query-input\":{\"@type\":\"PropertyValueSpecification\",\"valueRequired\":true,\"valueName\":\"search_term_string\"}}],\"inLanguage\":\"en-GB\"},{\"@type\":\"Organization\",\"@id\":\"https:\\\/\\\/lean.org.hu\\\/#organization\",\"name\":\"LEI\",\"url\":\"https:\\\/\\\/lean.org.hu\\\/\",\"logo\":{\"@type\":\"ImageObject\",\"inLanguage\":\"en-GB\",\"@id\":\"https:\\\/\\\/lean.org.hu\\\/#\\\/schema\\\/logo\\\/image\\\/\",\"url\":\"https:\\\/\\\/lean.org.hu\\\/wp-content\\\/uploads\\\/2020\\\/07\\\/cropped-lean_logo_final_color_horizontal.png\",\"contentUrl\":\"https:\\\/\\\/lean.org.hu\\\/wp-content\\\/uploads\\\/2020\\\/07\\\/cropped-lean_logo_final_color_horizontal.png\",\"width\":779,\"height\":288,\"caption\":\"LEI\"},\"image\":{\"@id\":\"https:\\\/\\\/lean.org.hu\\\/#\\\/schema\\\/logo\\\/image\\\/\"},\"sameAs\":[\"https:\\\/\\\/www.facebook.com\\\/LEI.Hungary\",\"https:\\\/\\\/www.linkedin.com\\\/company\\\/lean-enterprise-institute-hungary\"]}]}<\/script>\n<!-- \/ Yoast SEO plugin. -->","yoast_head_json":{"title":"Leading to Learn: Coaching and Leadership Skills to Build a \u201cChain of Learning\u201d by Katie Anderson - LEI","robots":{"index":"index","follow":"follow","max-snippet":"max-snippet:-1","max-image-preview":"max-image-preview:large","max-video-preview":"max-video-preview:-1"},"canonical":"https:\/\/lean.org.hu\/en\/leading-to-learn-by-katie-anderson\/","og_locale":"en_GB","og_type":"article","og_title":"Leading to Learn: Coaching and Leadership Skills to Build a \u201cChain of Learning\u201d by Katie Anderson - LEI","og_url":"https:\/\/lean.org.hu\/en\/leading-to-learn-by-katie-anderson\/","og_site_name":"LEI","article_publisher":"https:\/\/www.facebook.com\/LEI.Hungary","article_modified_time":"2026-03-19T08:46:20+00:00","og_image":[{"width":1200,"height":628,"url":"https:\/\/lean.org.hu\/wp-content\/uploads\/2024\/04\/Katie_pre-summit-ws.png","type":"image\/png"}],"twitter_card":"summary_large_image","twitter_misc":{"Estimated reading time":"4 minutes"},"schema":{"@context":"https:\/\/schema.org","@graph":[{"@type":"WebPage","@id":"https:\/\/lean.org.hu\/leading-to-learn-by-katie-anderson\/","url":"https:\/\/lean.org.hu\/leading-to-learn-by-katie-anderson\/","name":"Leading to Learn: Coaching and Leadership Skills to Build a \u201cChain of Learning\u201d by Katie Anderson - LEI","isPartOf":{"@id":"https:\/\/lean.org.hu\/#website"},"primaryImageOfPage":{"@id":"https:\/\/lean.org.hu\/leading-to-learn-by-katie-anderson\/#primaryimage"},"image":{"@id":"https:\/\/lean.org.hu\/leading-to-learn-by-katie-anderson\/#primaryimage"},"thumbnailUrl":"https:\/\/lean.org.hu\/wp-content\/uploads\/2024\/04\/Katie-Anderson_ws_banner-1024x354.png","datePublished":"2024-04-02T11:40:00+00:00","dateModified":"2026-03-19T08:46:20+00:00","breadcrumb":{"@id":"https:\/\/lean.org.hu\/leading-to-learn-by-katie-anderson\/#breadcrumb"},"inLanguage":"en-GB","potentialAction":[{"@type":"ReadAction","target":["https:\/\/lean.org.hu\/leading-to-learn-by-katie-anderson\/"]}]},{"@type":"ImageObject","inLanguage":"en-GB","@id":"https:\/\/lean.org.hu\/leading-to-learn-by-katie-anderson\/#primaryimage","url":"https:\/\/lean.org.hu\/wp-content\/uploads\/2024\/04\/Katie-Anderson_ws_banner-1024x354.png","contentUrl":"https:\/\/lean.org.hu\/wp-content\/uploads\/2024\/04\/Katie-Anderson_ws_banner-1024x354.png"},{"@type":"BreadcrumbList","@id":"https:\/\/lean.org.hu\/leading-to-learn-by-katie-anderson\/#breadcrumb","itemListElement":[{"@type":"ListItem","position":1,"name":"Kezd\u0151lap","item":"https:\/\/lean.org.hu\/"},{"@type":"ListItem","position":2,"name":"Leading to Learn: Coaching and Leadership Skills to Build a \u201cChain of Learning\u201d by Katie Anderson"}]},{"@type":"WebSite","@id":"https:\/\/lean.org.hu\/#website","url":"https:\/\/lean.org.hu\/","name":"LEI","description":"","publisher":{"@id":"https:\/\/lean.org.hu\/#organization"},"potentialAction":[{"@type":"SearchAction","target":{"@type":"EntryPoint","urlTemplate":"https:\/\/lean.org.hu\/?s={search_term_string}"},"query-input":{"@type":"PropertyValueSpecification","valueRequired":true,"valueName":"search_term_string"}}],"inLanguage":"en-GB"},{"@type":"Organization","@id":"https:\/\/lean.org.hu\/#organization","name":"LEI","url":"https:\/\/lean.org.hu\/","logo":{"@type":"ImageObject","inLanguage":"en-GB","@id":"https:\/\/lean.org.hu\/#\/schema\/logo\/image\/","url":"https:\/\/lean.org.hu\/wp-content\/uploads\/2020\/07\/cropped-lean_logo_final_color_horizontal.png","contentUrl":"https:\/\/lean.org.hu\/wp-content\/uploads\/2020\/07\/cropped-lean_logo_final_color_horizontal.png","width":779,"height":288,"caption":"LEI"},"image":{"@id":"https:\/\/lean.org.hu\/#\/schema\/logo\/image\/"},"sameAs":["https:\/\/www.facebook.com\/LEI.Hungary","https:\/\/www.linkedin.com\/company\/lean-enterprise-institute-hungary"]}]}},"_links":{"self":[{"href":"https:\/\/lean.org.hu\/en\/wp-json\/wp\/v2\/pages\/144805","targetHints":{"allow":["GET"]}}],"collection":[{"href":"https:\/\/lean.org.hu\/en\/wp-json\/wp\/v2\/pages"}],"about":[{"href":"https:\/\/lean.org.hu\/en\/wp-json\/wp\/v2\/types\/page"}],"author":[{"embeddable":true,"href":"https:\/\/lean.org.hu\/en\/wp-json\/wp\/v2\/users\/9"}],"replies":[{"embeddable":true,"href":"https:\/\/lean.org.hu\/en\/wp-json\/wp\/v2\/comments?post=144805"}],"version-history":[{"count":6,"href":"https:\/\/lean.org.hu\/en\/wp-json\/wp\/v2\/pages\/144805\/revisions"}],"predecessor-version":[{"id":151902,"href":"https:\/\/lean.org.hu\/en\/wp-json\/wp\/v2\/pages\/144805\/revisions\/151902"}],"wp:attachment":[{"href":"https:\/\/lean.org.hu\/en\/wp-json\/wp\/v2\/media?parent=144805"}],"curies":[{"name":"wp","href":"https:\/\/api.w.org\/{rel}","templated":true}]}}