{"id":143841,"date":"2024-02-09T11:03:59","date_gmt":"2024-02-09T10:03:59","guid":{"rendered":"https:\/\/lean.org.hu\/?page_id=143841"},"modified":"2024-02-21T14:48:00","modified_gmt":"2024-02-21T13:48:00","slug":"onlife","status":"publish","type":"page","link":"https:\/\/lean.org.hu\/en\/onlife","title":{"rendered":"Onlife"},"content":{"rendered":"<div class=\"wp-block-image\">\n<figure class=\"aligncenter size-full\"><a href=\"https:\/\/onlife.academy\/\" target=\"_blank\" rel=\"noreferrer noopener\"><img fetchpriority=\"high\" decoding=\"async\" width=\"1152\" height=\"250\" src=\"https:\/\/lean.org.hu\/wp-content\/uploads\/2024\/02\/Onlife.png\" alt=\"\" class=\"wp-image-143893\" srcset=\"https:\/\/lean.org.hu\/wp-content\/uploads\/2024\/02\/Onlife.png 1152w, https:\/\/lean.org.hu\/wp-content\/uploads\/2024\/02\/Onlife-300x65.png 300w, https:\/\/lean.org.hu\/wp-content\/uploads\/2024\/02\/Onlife-1024x222.png 1024w, https:\/\/lean.org.hu\/wp-content\/uploads\/2024\/02\/Onlife-768x167.png 768w, https:\/\/lean.org.hu\/wp-content\/uploads\/2024\/02\/Onlife-18x4.png 18w, https:\/\/lean.org.hu\/wp-content\/uploads\/2024\/02\/Onlife-200x43.png 200w\" sizes=\"(max-width: 1152px) 100vw, 1152px\" \/><\/a><\/figure><\/div>\n\n\n<div class=\"wp-block-columns is-layout-flex wp-container-core-columns-is-layout-9d6595d7 wp-block-columns-is-layout-flex\">\n<div class=\"wp-block-column is-layout-flow wp-block-column-is-layout-flow\"><div class=\"wp-block-image is-style-rounded\">\n<figure class=\"aligncenter size-full is-resized\"><img decoding=\"async\" width=\"638\" height=\"638\" src=\"https:\/\/lean.org.hu\/wp-content\/uploads\/2024\/02\/onlife_peter.png\" alt=\"\" class=\"wp-image-143908\" style=\"object-fit:cover;width:150px;height:150px\" srcset=\"https:\/\/lean.org.hu\/wp-content\/uploads\/2024\/02\/onlife_peter.png 638w, https:\/\/lean.org.hu\/wp-content\/uploads\/2024\/02\/onlife_peter-300x300.png 300w, https:\/\/lean.org.hu\/wp-content\/uploads\/2024\/02\/onlife_peter-150x150.png 150w, https:\/\/lean.org.hu\/wp-content\/uploads\/2024\/02\/onlife_peter-12x12.png 12w, https:\/\/lean.org.hu\/wp-content\/uploads\/2024\/02\/onlife_peter-200x200.png 200w, https:\/\/lean.org.hu\/wp-content\/uploads\/2024\/02\/onlife_peter-100x100.png 100w, https:\/\/lean.org.hu\/wp-content\/uploads\/2024\/02\/onlife_peter-50x50.png 50w\" sizes=\"(max-width: 638px) 100vw, 638px\" \/><figcaption class=\"wp-element-caption\"><strong>Ungv\u00e1ri P\u00e9ter<\/strong><br>\u00fcgyvezet\u0151, alap\u00edt\u00f3 <\/figcaption><\/figure><\/div><\/div>\n\n\n\n<div class=\"wp-block-column is-layout-flow wp-block-column-is-layout-flow\"><div class=\"wp-block-image is-style-rounded\">\n<figure class=\"aligncenter size-full is-resized\"><img decoding=\"async\" width=\"488\" height=\"488\" src=\"https:\/\/lean.org.hu\/wp-content\/uploads\/2024\/02\/onlife_marci.png\" alt=\"\" class=\"wp-image-143910\" style=\"object-fit:cover;width:150px;height:150px\" srcset=\"https:\/\/lean.org.hu\/wp-content\/uploads\/2024\/02\/onlife_marci.png 488w, https:\/\/lean.org.hu\/wp-content\/uploads\/2024\/02\/onlife_marci-300x300.png 300w, https:\/\/lean.org.hu\/wp-content\/uploads\/2024\/02\/onlife_marci-150x150.png 150w, https:\/\/lean.org.hu\/wp-content\/uploads\/2024\/02\/onlife_marci-12x12.png 12w, https:\/\/lean.org.hu\/wp-content\/uploads\/2024\/02\/onlife_marci-200x200.png 200w, https:\/\/lean.org.hu\/wp-content\/uploads\/2024\/02\/onlife_marci-100x100.png 100w, https:\/\/lean.org.hu\/wp-content\/uploads\/2024\/02\/onlife_marci-50x50.png 50w\" sizes=\"(max-width: 488px) 100vw, 488px\" \/><figcaption class=\"wp-element-caption\"><strong>Berze M\u00e1rton<\/strong><br>alap\u00edt\u00f3, Managing Partner<\/figcaption><\/figure><\/div><\/div>\n<\/div>\n\n\n<div class=\"gb-container gb-container-81d1b12e\">\n<div class=\"gb-container gb-container-7d7ee396\">\n<div class=\"gb-container gb-container-aa7c5461\">\n\n<p class=\"has-text-align-center\">Az Onlife az amerikai Manager Tools tan\u00e1csad\u00f3c\u00e9g eszk\u00f6zeit \u00e9s tananyagait hozza el Magyarorsz\u00e1gra <strong>podcastok \u00e9s tr\u00e9ningek<\/strong> form\u00e1j\u00e1ban. Konkr\u00e9t, <strong>azonnal alkalmazhat\u00f3 <\/strong>\u00fatmutat\u00e1s a vezet\u0151i munk\u00e1dhoz. Az Onlife K\u00f6r r\u00e9szek\u00e9nt elker\u00fclheted a <strong>menedzsment hib\u00e1it<\/strong>, <strong>felesleges konfliktusokat<\/strong>, \u00e9s <strong>magabiztosan vezetheted csapatodat<\/strong>, ak\u00e1r kis, ak\u00e1r nagy c\u00e9gben dolgozol. <\/p>\n\n<\/div>\n<\/div>\n<\/div>\n\n\n<div style=\"height:10px\" aria-hidden=\"true\" class=\"wp-block-spacer\"><\/div>\n\n\n\n<div class=\"wp-block-columns is-layout-flex wp-container-core-columns-is-layout-9d6595d7 wp-block-columns-is-layout-flex\">\n<div class=\"wp-block-column has-background is-layout-flow wp-block-column-is-layout-flow\" style=\"background-color:#feda07\">\n<div style=\"height:20px\" aria-hidden=\"true\" class=\"wp-block-spacer\"><\/div>\n\n\n\n<h2 class=\"wp-block-heading has-text-align-center\"><strong>Onlife K\u00f6r<\/strong><\/h2>\n\n\n\n<p class=\"has-text-align-center has-medium-font-size\">Az<strong> Onlife K\u00f6r<\/strong> eszk\u00f6zt\u00e1ra \u00e9s k\u00f6z\u00f6ss\u00e9ge lehet\u0151s\u00e9get k\u00edn\u00e1l arra, <br>hogy havi egy eb\u00e9d \u00e1r\u00e1\u00e9rt hozz\u00e1f\u00e9rj t\u00f6bb sz\u00e1z vezet\u0151i tud\u00e1sanyaghoz.<\/p>\n\n\n\n<p class=\"has-text-align-center has-medium-font-size\">A vezet\u0151k \u00e9s menedzserek sz\u00e1m\u00e1ra k\u00e9sz\u00fclt <strong>150+ azonnal alkalmazhat\u00f3 tananyag<\/strong> <br>hetente b\u0151v\u00fcl\u0151 \u00fatmutat\u00f3kkal seg\u00edt megoldani a leggyakoribb csapatvezet\u00e9si kih\u00edv\u00e1sokat. <\/p>\n\n\n\n<div style=\"height:30px\" aria-hidden=\"true\" class=\"wp-block-spacer\"><\/div>\n<\/div>\n<\/div>\n\n\n\n<p class=\"has-text-align-center has-base-3-color has-vivid-cyan-blue-to-vivid-purple-gradient-background has-text-color has-background has-link-color has-medium-font-size wp-elements-d87adc10a7c2f13d8dd2f03b3c50fe45\">Egyes\u00fclet\u00fcnk v\u00e1llalati tagjainak munkat\u00e1rsai \u00e9s mag\u00e1nszem\u00e9ly tagjaink sz\u00e1m\u00e1ra <strong>20% kedvezm\u00e9nyt<\/strong> k\u00edn\u00e1lunk az <strong>Onlife k\u00f6r tags\u00e1g d\u00edj\u00e1b\u00f3l<\/strong>, az <strong>Onlife \u00e1ltal kiadott k\u00f6nyvekb\u0151l<\/strong> \u00e9s minden<strong> Onlife \u00e1ltal szervezett rendezv\u00e9nyb\u0151l<\/strong>. <\/p>\n\n\n\n<div style=\"height:10px\" aria-hidden=\"true\" class=\"wp-block-spacer\"><\/div>\n\n\n\n<h2 class=\"wp-block-heading has-text-align-center\"><strong>Onlife K\u00f6r el\u0151nyei<\/strong><\/h2>\n\n\n\n<div class=\"wp-block-columns is-layout-flex wp-container-core-columns-is-layout-9d6595d7 wp-block-columns-is-layout-flex\">\n<div class=\"wp-block-column is-layout-flow wp-block-column-is-layout-flow\"><div class=\"wp-block-image\">\n<figure class=\"aligncenter size-large is-resized\"><img loading=\"lazy\" decoding=\"async\" width=\"1024\" height=\"1024\" src=\"https:\/\/lean.org.hu\/wp-content\/uploads\/2024\/02\/podcastcover-1024x1024.jpg\" alt=\"\" class=\"wp-image-143920\" style=\"object-fit:cover;width:250px;height:250px\" srcset=\"https:\/\/lean.org.hu\/wp-content\/uploads\/2024\/02\/podcastcover-1024x1024.jpg 1024w, https:\/\/lean.org.hu\/wp-content\/uploads\/2024\/02\/podcastcover-300x300.jpg 300w, https:\/\/lean.org.hu\/wp-content\/uploads\/2024\/02\/podcastcover-150x150.jpg 150w, https:\/\/lean.org.hu\/wp-content\/uploads\/2024\/02\/podcastcover-768x768.jpg 768w, https:\/\/lean.org.hu\/wp-content\/uploads\/2024\/02\/podcastcover-1536x1536.jpg 1536w, https:\/\/lean.org.hu\/wp-content\/uploads\/2024\/02\/podcastcover-12x12.jpg 12w, https:\/\/lean.org.hu\/wp-content\/uploads\/2024\/02\/podcastcover-200x200.jpg 200w, https:\/\/lean.org.hu\/wp-content\/uploads\/2024\/02\/podcastcover-100x100.jpg 100w, https:\/\/lean.org.hu\/wp-content\/uploads\/2024\/02\/podcastcover-50x50.jpg 50w, https:\/\/lean.org.hu\/wp-content\/uploads\/2024\/02\/podcastcover.jpg 1626w\" sizes=\"(max-width: 1024px) 100vw, 1024px\" \/><\/figure><\/div><\/div>\n\n\n\n<div class=\"wp-block-column is-layout-flow wp-block-column-is-layout-flow\" style=\"flex-basis:70%\">\n<ul class=\"wp-block-list\">\n<li><strong>Fontos v\u00e1laszok f\u00e1j\u00f3 vezet\u0151i k\u00e9rd\u00e9seidre.<\/strong> Kapj azonnal alkalmazhat\u00f3 v\u00e1laszokat \u00e9s eszk\u00f6z\u00f6ket a legfontosabb menedzseri feladataidhoz.<\/li>\n\n\n\n<li><strong>Haladj a saj\u00e1t temp\u00f3dban. <\/strong>Dolgozd fel azt a t\u00e9m\u00e1t, amelyik \u00e9ppen \u00e9rdekel. Hallgasd meg a tananyagot vagy olvasd el a r\u00e9szletes jegyzetet.<\/li>\n\n\n\n<li><strong>K\u00e9rdezz a t\u00f6bbi menedzsert\u0151l.<\/strong> Tags\u00e1godhoz Facebook-csoport tags\u00e1g zartozik, \u00e9s bel\u00e9phetsz a z\u00e1rt Messenger chatszob\u00e1nkba. E-mailben j\u00f6tt k\u00e9rd\u00e9seidre is v\u00e1laszolunk.<\/li>\n\n\n\n<li><strong>\u00c9p\u00edts \u00e9rt\u00e9kes kapcsolatokat.<\/strong> Tal\u00e1ld meg a k\u00f6vetkez\u0151 munkat\u00e1rsadat (vagy poz\u00edci\u00f3dat?), mentorodat, vagy egyszer\u0171en b\u0151v\u00edtsd a kapcsolati h\u00e1l\u00f3dat a t\u00f6bbi taggal.<\/li>\n\n\n\n<li><strong>\u00c9rtes\u00fclj a legfontosabb piaci \u00e9s vezet\u0151i trendekr\u0151l. <\/strong>Posztjainkban \u00e9s vezet\u0151i h\u00edrlevel\u00fcnkben (Vez\u00e9rfonal) nem maradsz le a legfontosabb vezet\u0151i trendekr\u0151l.<\/li>\n\n\n\n<li><strong>\u00c9p\u00edtsd karriered azonnal haszn\u00e1lhat\u00f3 \u00fatmutat\u00e1ssal.<\/strong> Az \u00e1ll\u00e1sinterj\u00fat\u00f3l az el\u0151l\u00e9ptet\u00e9sig \u00e9s karriersikerig: mindezekre kapsz heti \u00fatmutat\u00e1st az Onlife Karrier Podcastban.<\/li>\n<\/ul>\n<\/div>\n<\/div>\n\n\n\n<div style=\"height:20px\" aria-hidden=\"true\" class=\"wp-block-spacer\"><\/div>\n\n\n<div class=\"gb-container gb-container-f3397788\">\n\n<p class=\"has-text-align-center\"><\/p>\n\n\n\n<div style=\"height:15px\" aria-hidden=\"true\" class=\"wp-block-spacer\"><\/div>\n\n\n\n<h2 class=\"wp-block-heading has-text-align-center\"><strong>Az Onlife K\u00f6rben olyan k\u00e9rd\u00e9sekre kapsz v\u00e1laszt, mint<\/strong>:<\/h2>\n\n\n\n<p class=\"has-text-align-center\">Hogy lehet, hogy nem l\u00e1ttam hamarabb, hogy <strong>a legjobb csapattagom fel akar mondani<\/strong>?<br>Hogyan cs\u00f6kkentsem a meetingekkel t\u00f6lt\u00f6tt id\u0151t<strong> ak\u00e1r 70%-kal<\/strong>?<br><strong>Mi\u00e9rt nem mennek \u00e1t a d\u00f6nt\u00e9seim<\/strong>, javaslataim a csapatomn\u00e1l vagy a feletteseimn\u00e9l?<br>Mi\u00e9rt nem tudok elmenni szabads\u00e1gra 1 h\u00e9tre an\u00e9lk\u00fcl, hogy <strong>naponta n\u00e9zn\u00e9m a leveleimet<\/strong>?<br><strong>Mi\u00e9rt cs\u00fasznak<\/strong> a projektjeim? Hogyan v\u00e1ltoztassak rajta?<br>Hogyan hozzak<strong> d\u00f6nt\u00e9st <\/strong>a csapatommal?<br>Mit tegyek, <strong>ha rossz h\u00edrt hoznak<\/strong> el\u00e9m?<br>Hogyan dolgozzak<strong> hat\u00e9konyan<\/strong> m\u00e1trix szervezetekben?<br>Mi\u00e9rt <strong>nem maradnak n\u00e1lunk <\/strong>1-1,5 \u00e9vn\u00e9l hosszabb ideig a munkat\u00e1rsak?<br>\u2026\u00e9s tov\u00e1bbi sok sz\u00e1z konkr\u00e9t,<strong> a vezet\u0151i h\u00e9tk\u00f6znapjaidat \u00e9rint\u0151 k\u00e9rd\u00e9sre<\/strong> kapsz v\u00e1laszt \u00e9s \u00fatmutat\u00e1st.&nbsp;<\/p>\n\n\n\n<p class=\"has-text-align-center\"><a href=\"https:\/\/www.mindomo.com\/hu\/mindmap\/onlife-tartalomjegyzek-f82053b51e004cebbe60ea06561feff1\" target=\"_blank\" rel=\"noreferrer noopener\"><em>A t\u00e9m\u00e1k tartalomjegyz\u00e9k\u00e9t itt megtal\u00e1lod.<\/em><\/a><\/p>\n\n\n\n<div style=\"height:15px\" aria-hidden=\"true\" class=\"wp-block-spacer\"><\/div>\n\n<\/div>\n\n\n<div style=\"height:30px\" aria-hidden=\"true\" class=\"wp-block-spacer\"><\/div>\n\n\n\n<p class=\"has-text-align-center has-base-3-color has-vivid-cyan-blue-to-vivid-purple-gradient-background has-text-color has-background has-link-color has-medium-font-size wp-elements-3191a4c7139cfaa30030a1ec1e7dadea\">Egyes\u00fclet\u00fcnk v\u00e1llalati tagjainak munkat\u00e1rsai \u00e9s mag\u00e1nszem\u00e9ly tagjaink sz\u00e1m\u00e1ra <strong>20% kedvezm\u00e9nyt<\/strong> k\u00edn\u00e1lunk az <strong>Onlife K\u00f6r tags\u00e1g d\u00edj\u00e1b\u00f3l<\/strong>, az <strong>Onlife \u00e1ltal kiadott k\u00f6nyvekb\u0151l<\/strong> \u00e9s minden<strong> Onlife \u00e1ltal szervezett rendezv\u00e9nyb\u0151l<\/strong>. <\/p>\n\n\n\n<div style=\"height:10px\" aria-hidden=\"true\" class=\"wp-block-spacer\"><\/div>\n\n\n\n<div class=\"wp-block-columns is-layout-flex wp-container-core-columns-is-layout-9d6595d7 wp-block-columns-is-layout-flex\">\n<div class=\"wp-block-column is-layout-flow wp-block-column-is-layout-flow\">\n<div class=\"wp-block-buttons is-content-justification-center is-layout-flex wp-container-core-buttons-is-layout-16018d1d wp-block-buttons-is-layout-flex\">\n<div class=\"wp-block-button is-style-fill\"><a class=\"wp-block-button__link has-contrast-2-background-color has-background has-text-align-center wp-element-button\" href=\"https:\/\/lean.org.hu\/en\/lean-tagsag\/#vallalatitagjaink\" target=\"_blank\" rel=\"noreferrer noopener\">Megn\u00e9zem, hogy munk\u00e1ltat\u00f3m tagja-e a LEI Hungary egyes\u00fclet\u00e9nek<\/a><\/div>\n<\/div>\n<\/div>\n<\/div>\n\n\n\n<div class=\"wp-block-columns is-layout-flex wp-container-core-columns-is-layout-9d6595d7 wp-block-columns-is-layout-flex\">\n<div class=\"wp-block-column is-vertically-aligned-center is-layout-flow wp-block-column-is-layout-flow\">\n<div class=\"wp-block-buttons is-content-justification-center is-layout-flex wp-container-core-buttons-is-layout-16018d1d wp-block-buttons-is-layout-flex\">\n<div class=\"wp-block-button\"><a class=\"wp-block-button__link wp-element-button\" href=\"https:\/\/onlife.academy\/kor-lei\/\" target=\"_blank\" rel=\"noreferrer noopener\">\u00c9rdekelnek az Onlife K\u00f6r tags\u00e1g r\u00e9szletei<br>\u00e9s \u00e9ln\u00e9k a 20% kedvezm\u00e9nnyel<\/a><\/div>\n<\/div>\n<\/div>\n\n\n\n<div class=\"wp-block-column is-layout-flow wp-block-column-is-layout-flow\">\n<div class=\"wp-block-buttons is-content-justification-center is-layout-flex wp-container-core-buttons-is-layout-16018d1d wp-block-buttons-is-layout-flex\">\n<div class=\"wp-block-button\"><a class=\"wp-block-button__link wp-element-button\" href=\"https:\/\/onlife.academy\/\" target=\"_blank\" rel=\"noreferrer noopener\">\u00c9rdekelnek az Onlife programjai \u00e9s<br>k\u00f6nyvei (20% kedvezm\u00e9ny a LEI2024 k\u00f3ddal)<\/a><\/div>\n<\/div>\n<\/div>\n<\/div>\n\n\n\n<div style=\"height:15px\" aria-hidden=\"true\" class=\"wp-block-spacer\"><\/div>\n\n\n\n<p><\/p>\n\n\n\n<div style=\"height:10px\" aria-hidden=\"true\" class=\"wp-block-spacer\"><\/div>\n\n\n\n<div style=\"height:50px\" aria-hidden=\"true\" class=\"wp-block-spacer\"><\/div>","protected":false},"excerpt":{"rendered":"","protected":false},"author":9,"featured_media":0,"parent":0,"menu_order":0,"comment_status":"closed","ping_status":"closed","template":"","meta":{"_eb_attr":"","footnotes":""},"class_list":{"0":"post-143841","1":"page","2":"type-page","3":"status-publish","5":"infinite-scroll-item","6":"no-featured-image-padding"},"featured_image_src":null,"yoast_head":"<!-- This site is optimized with the Yoast SEO plugin v27.6 - https:\/\/yoast.com\/product\/yoast-seo-wordpress\/ -->\n<title>Onlife - LEI<\/title>\n<meta name=\"robots\" content=\"index, follow, max-snippet:-1, max-image-preview:large, max-video-preview:-1\" \/>\n<link rel=\"canonical\" href=\"https:\/\/lean.org.hu\/en\/onlife\/\" \/>\n<meta property=\"og:locale\" content=\"en_GB\" \/>\n<meta property=\"og:type\" content=\"article\" \/>\n<meta property=\"og:title\" content=\"Onlife - LEI\" \/>\n<meta property=\"og:url\" content=\"https:\/\/lean.org.hu\/en\/onlife\/\" \/>\n<meta property=\"og:site_name\" content=\"LEI\" \/>\n<meta property=\"article:publisher\" content=\"https:\/\/www.facebook.com\/LEI.Hungary\" \/>\n<meta property=\"article:modified_time\" content=\"2024-02-21T13:48:00+00:00\" \/>\n<meta property=\"og:image\" content=\"https:\/\/lean.org.hu\/wp-content\/uploads\/2024\/02\/Onlife.png\" \/>\n<meta name=\"twitter:card\" content=\"summary_large_image\" \/>\n<meta name=\"twitter:label1\" content=\"Estimated reading time\" \/>\n\t<meta name=\"twitter:data1\" content=\"3 minutes\" \/>\n<script type=\"application\/ld+json\" class=\"yoast-schema-graph\">{\"@context\":\"https:\\\/\\\/schema.org\",\"@graph\":[{\"@type\":\"WebPage\",\"@id\":\"https:\\\/\\\/lean.org.hu\\\/onlife\\\/\",\"url\":\"https:\\\/\\\/lean.org.hu\\\/onlife\\\/\",\"name\":\"Onlife - LEI\",\"isPartOf\":{\"@id\":\"https:\\\/\\\/lean.org.hu\\\/#website\"},\"primaryImageOfPage\":{\"@id\":\"https:\\\/\\\/lean.org.hu\\\/onlife\\\/#primaryimage\"},\"image\":{\"@id\":\"https:\\\/\\\/lean.org.hu\\\/onlife\\\/#primaryimage\"},\"thumbnailUrl\":\"https:\\\/\\\/lean.org.hu\\\/wp-content\\\/uploads\\\/2024\\\/02\\\/Onlife.png\",\"datePublished\":\"2024-02-09T10:03:59+00:00\",\"dateModified\":\"2024-02-21T13:48:00+00:00\",\"breadcrumb\":{\"@id\":\"https:\\\/\\\/lean.org.hu\\\/onlife\\\/#breadcrumb\"},\"inLanguage\":\"en-GB\",\"potentialAction\":[{\"@type\":\"ReadAction\",\"target\":[\"https:\\\/\\\/lean.org.hu\\\/onlife\\\/\"]}]},{\"@type\":\"ImageObject\",\"inLanguage\":\"en-GB\",\"@id\":\"https:\\\/\\\/lean.org.hu\\\/onlife\\\/#primaryimage\",\"url\":\"https:\\\/\\\/lean.org.hu\\\/wp-content\\\/uploads\\\/2024\\\/02\\\/Onlife.png\",\"contentUrl\":\"https:\\\/\\\/lean.org.hu\\\/wp-content\\\/uploads\\\/2024\\\/02\\\/Onlife.png\"},{\"@type\":\"BreadcrumbList\",\"@id\":\"https:\\\/\\\/lean.org.hu\\\/onlife\\\/#breadcrumb\",\"itemListElement\":[{\"@type\":\"ListItem\",\"position\":1,\"name\":\"Kezd\u0151lap\",\"item\":\"https:\\\/\\\/lean.org.hu\\\/\"},{\"@type\":\"ListItem\",\"position\":2,\"name\":\"Onlife\"}]},{\"@type\":\"WebSite\",\"@id\":\"https:\\\/\\\/lean.org.hu\\\/#website\",\"url\":\"https:\\\/\\\/lean.org.hu\\\/\",\"name\":\"LEI\",\"description\":\"\",\"publisher\":{\"@id\":\"https:\\\/\\\/lean.org.hu\\\/#organization\"},\"potentialAction\":[{\"@type\":\"SearchAction\",\"target\":{\"@type\":\"EntryPoint\",\"urlTemplate\":\"https:\\\/\\\/lean.org.hu\\\/?s={search_term_string}\"},\"query-input\":{\"@type\":\"PropertyValueSpecification\",\"valueRequired\":true,\"valueName\":\"search_term_string\"}}],\"inLanguage\":\"en-GB\"},{\"@type\":\"Organization\",\"@id\":\"https:\\\/\\\/lean.org.hu\\\/#organization\",\"name\":\"LEI\",\"url\":\"https:\\\/\\\/lean.org.hu\\\/\",\"logo\":{\"@type\":\"ImageObject\",\"inLanguage\":\"en-GB\",\"@id\":\"https:\\\/\\\/lean.org.hu\\\/#\\\/schema\\\/logo\\\/image\\\/\",\"url\":\"https:\\\/\\\/lean.org.hu\\\/wp-content\\\/uploads\\\/2020\\\/07\\\/cropped-lean_logo_final_color_horizontal.png\",\"contentUrl\":\"https:\\\/\\\/lean.org.hu\\\/wp-content\\\/uploads\\\/2020\\\/07\\\/cropped-lean_logo_final_color_horizontal.png\",\"width\":779,\"height\":288,\"caption\":\"LEI\"},\"image\":{\"@id\":\"https:\\\/\\\/lean.org.hu\\\/#\\\/schema\\\/logo\\\/image\\\/\"},\"sameAs\":[\"https:\\\/\\\/www.facebook.com\\\/LEI.Hungary\",\"https:\\\/\\\/www.linkedin.com\\\/company\\\/lean-enterprise-institute-hungary\"]}]}<\/script>\n<!-- \/ Yoast SEO plugin. -->","yoast_head_json":{"title":"Onlife - LEI","robots":{"index":"index","follow":"follow","max-snippet":"max-snippet:-1","max-image-preview":"max-image-preview:large","max-video-preview":"max-video-preview:-1"},"canonical":"https:\/\/lean.org.hu\/en\/onlife\/","og_locale":"en_GB","og_type":"article","og_title":"Onlife - LEI","og_url":"https:\/\/lean.org.hu\/en\/onlife\/","og_site_name":"LEI","article_publisher":"https:\/\/www.facebook.com\/LEI.Hungary","article_modified_time":"2024-02-21T13:48:00+00:00","og_image":[{"url":"https:\/\/lean.org.hu\/wp-content\/uploads\/2024\/02\/Onlife.png","type":"","width":"","height":""}],"twitter_card":"summary_large_image","twitter_misc":{"Estimated reading time":"3 minutes"},"schema":{"@context":"https:\/\/schema.org","@graph":[{"@type":"WebPage","@id":"https:\/\/lean.org.hu\/onlife\/","url":"https:\/\/lean.org.hu\/onlife\/","name":"Onlife - LEI","isPartOf":{"@id":"https:\/\/lean.org.hu\/#website"},"primaryImageOfPage":{"@id":"https:\/\/lean.org.hu\/onlife\/#primaryimage"},"image":{"@id":"https:\/\/lean.org.hu\/onlife\/#primaryimage"},"thumbnailUrl":"https:\/\/lean.org.hu\/wp-content\/uploads\/2024\/02\/Onlife.png","datePublished":"2024-02-09T10:03:59+00:00","dateModified":"2024-02-21T13:48:00+00:00","breadcrumb":{"@id":"https:\/\/lean.org.hu\/onlife\/#breadcrumb"},"inLanguage":"en-GB","potentialAction":[{"@type":"ReadAction","target":["https:\/\/lean.org.hu\/onlife\/"]}]},{"@type":"ImageObject","inLanguage":"en-GB","@id":"https:\/\/lean.org.hu\/onlife\/#primaryimage","url":"https:\/\/lean.org.hu\/wp-content\/uploads\/2024\/02\/Onlife.png","contentUrl":"https:\/\/lean.org.hu\/wp-content\/uploads\/2024\/02\/Onlife.png"},{"@type":"BreadcrumbList","@id":"https:\/\/lean.org.hu\/onlife\/#breadcrumb","itemListElement":[{"@type":"ListItem","position":1,"name":"Kezd\u0151lap","item":"https:\/\/lean.org.hu\/"},{"@type":"ListItem","position":2,"name":"Onlife"}]},{"@type":"WebSite","@id":"https:\/\/lean.org.hu\/#website","url":"https:\/\/lean.org.hu\/","name":"LEI","description":"","publisher":{"@id":"https:\/\/lean.org.hu\/#organization"},"potentialAction":[{"@type":"SearchAction","target":{"@type":"EntryPoint","urlTemplate":"https:\/\/lean.org.hu\/?s={search_term_string}"},"query-input":{"@type":"PropertyValueSpecification","valueRequired":true,"valueName":"search_term_string"}}],"inLanguage":"en-GB"},{"@type":"Organization","@id":"https:\/\/lean.org.hu\/#organization","name":"LEI","url":"https:\/\/lean.org.hu\/","logo":{"@type":"ImageObject","inLanguage":"en-GB","@id":"https:\/\/lean.org.hu\/#\/schema\/logo\/image\/","url":"https:\/\/lean.org.hu\/wp-content\/uploads\/2020\/07\/cropped-lean_logo_final_color_horizontal.png","contentUrl":"https:\/\/lean.org.hu\/wp-content\/uploads\/2020\/07\/cropped-lean_logo_final_color_horizontal.png","width":779,"height":288,"caption":"LEI"},"image":{"@id":"https:\/\/lean.org.hu\/#\/schema\/logo\/image\/"},"sameAs":["https:\/\/www.facebook.com\/LEI.Hungary","https:\/\/www.linkedin.com\/company\/lean-enterprise-institute-hungary"]}]}},"_links":{"self":[{"href":"https:\/\/lean.org.hu\/en\/wp-json\/wp\/v2\/pages\/143841","targetHints":{"allow":["GET"]}}],"collection":[{"href":"https:\/\/lean.org.hu\/en\/wp-json\/wp\/v2\/pages"}],"about":[{"href":"https:\/\/lean.org.hu\/en\/wp-json\/wp\/v2\/types\/page"}],"author":[{"embeddable":true,"href":"https:\/\/lean.org.hu\/en\/wp-json\/wp\/v2\/users\/9"}],"replies":[{"embeddable":true,"href":"https:\/\/lean.org.hu\/en\/wp-json\/wp\/v2\/comments?post=143841"}],"version-history":[{"count":5,"href":"https:\/\/lean.org.hu\/en\/wp-json\/wp\/v2\/pages\/143841\/revisions"}],"predecessor-version":[{"id":144006,"href":"https:\/\/lean.org.hu\/en\/wp-json\/wp\/v2\/pages\/143841\/revisions\/144006"}],"wp:attachment":[{"href":"https:\/\/lean.org.hu\/en\/wp-json\/wp\/v2\/media?parent=143841"}],"curies":[{"name":"wp","href":"https:\/\/api.w.org\/{rel}","templated":true}]}}