{"id":143568,"date":"2023-11-30T10:53:00","date_gmt":"2023-11-30T09:53:00","guid":{"rendered":"https:\/\/lean.org.hu\/?page_id=143568"},"modified":"2023-11-30T11:13:09","modified_gmt":"2023-11-30T10:13:09","slug":"gemba-nap-helyszin","status":"publish","type":"page","link":"https:\/\/lean.org.hu\/en\/gemba_nap_helyszin_jelentkezes","title":{"rendered":"Gemba nap helysz\u00edn"},"content":{"rendered":"<p class=\"has-text-align-center\" style=\"font-size:25px\"><strong>LEI gemba nap helysz\u00edn felaj\u00e1nl\u00e1s<\/strong><\/p>\n\n\n\n<p class=\"has-text-align-center\">Szeretn\u00e9k t\u00f6bbet tudni a LEI gemba nap h\u00e1zigazda szerepr\u0151l. K\u00e9rlek, keressetek a r\u00e9szletekkel!<\/p>\n\n\n\n<p><\/p>\n\n\n\n<script async src=\"https:\/\/r3.minicrm.hu\/api\/minicrm.js?t=1701177907\"><\/script>\n<link rel=\"stylesheet\" href=\"https:\/\/r3.minicrm.hu\/api\/minicrm.css\">\n<style><\/style>\n<form formhash=\"59057-0j911q6gjp1gjor1tbh0221eboyiny\" action=\"https:\/\/r3.minicrm.hu\/Api\/Signup\" method=\"post\" class=\"TurnKeyCRM\" >\n                    <fieldset>\n            <legend>Adatok<\/legend>\n                                        <div class='InputBlock'>\n                    <label for=\"Contact_Name_2861\" class=\"Required\">C\u00e9gn\u00e9v<\/label>\n                                                                \n                                            <input  name=\"Contact[2861][Name]\" id=\"Contact_Name_2861\" language=\"HU\" type=\"text\" \/>\n                                                        <\/div>\n                            <div class='InputBlock'>\n                    <label for=\"Contact_LastName_2862\" class=\"Required\">Vezet\u00e9kn\u00e9v<\/label>\n                                                                \n                                            <input  name=\"Contact[2862][LastName]\" id=\"Contact_LastName_2862\" language=\"HU\" type=\"text\" \/>\n                                                        <\/div>\n                            <div class='InputBlock'>\n                    <label for=\"Contact_FirstName_2862\" class=\"Required\">Keresztn\u00e9v<\/label>\n                                                                \n                                            <input  name=\"Contact[2862][FirstName]\" id=\"Contact_FirstName_2862\" language=\"HU\" type=\"text\" \/>\n                                                        <\/div>\n                            <div class='InputBlock'>\n                    <label for=\"Contact_Email_2862\" class=\"Required\">E-mail c\u00edm<\/label>\n                                                                \n                                            <input  name=\"Contact[2862][Email]\" id=\"Contact_Email_2862\" language=\"HU\" type=\"text\" \/>\n                                                        <\/div>\n                            <div class='InputBlock'>\n                    <label for=\"Contact_Phone_2862\" class=\"Required\">Telefonsz\u00e1m<\/label>\n                                                                \n                                            <input  name=\"Contact[2862][Phone]\" id=\"Contact_Phone_2862\" language=\"HU\" type=\"text\" \/>\n                                                        <\/div>\n                            <div class='InputBlock'>\n                    <label for=\"Project_EgyebInfok_2860\" >Megjegyz\u00e9s<\/label>\n                                                                \n                                            <textarea  name=\"Project[2860][EgyebInfok]\" id=\"Project_EgyebInfok_2860\" language=\"HU\"><\/textarea>\n                                                        <\/div>\n                            <div class='InputBlock'>\n                    <label for=\"Dummy_GDPR_Contribution_\" class=\"Required\">Adatkezel\u00e9si hozz\u00e1j\u00e1rul\u00e1s<\/label>\n                                                                \n                                            <div  id=\"Dummy_GDPR_Contribution_\" language=\"HU\"><label class='SetLabel'><input  id='Dummy_GDPR_Contribution__0' type=\"checkbox\" value=\"1\" name=\"Dummy[][GDPR_Contribution][]\"><span class='OverflowEllipsis CheckBoxLabel'>Hozz\u00e1j\u00e1rulok, hogy a(z) Lean Enterprise Institute Hungary <a href=\"https:\/\/www.minicrm.hu\/gdpr\/\" target=\"_blank\" rel=\"noopener\">CRM rendszer\u00e9ben<\/a> kezelje az adataimat.<\/span><\/label><br \/>\n\t\t\t<\/div>\n                                                        <\/div>\n                                <\/fieldset>\n        \n    <div id=\"Response_59057-0j911q6gjp1gjor1tbh0221eboyiny\" style=\"display: none;\" class=\"Response\"><\/div>\n    <input id=\"Submit_59057-0j911q6gjp1gjor1tbh0221eboyiny\" type=\"Submit\" value=\"Elk\u00fcld\">\n<\/form>","protected":false},"excerpt":{"rendered":"","protected":false},"author":9,"featured_media":0,"parent":0,"menu_order":0,"comment_status":"closed","ping_status":"closed","template":"","meta":{"_eb_attr":"","footnotes":""},"class_list":{"0":"post-143568","1":"page","2":"type-page","3":"status-publish","5":"infinite-scroll-item","6":"no-featured-image-padding"},"featured_image_src":null,"yoast_head":"<!-- This site is optimized with the Yoast SEO plugin v27.4 - https:\/\/yoast.com\/product\/yoast-seo-wordpress\/ -->\n<title>Gemba nap helysz\u00edn - LEI<\/title>\n<meta name=\"robots\" content=\"index, follow, max-snippet:-1, max-image-preview:large, max-video-preview:-1\" \/>\n<link rel=\"canonical\" href=\"https:\/\/lean.org.hu\/en\/gemba_nap_helyszin_jelentkezes\/\" \/>\n<meta property=\"og:locale\" content=\"en_GB\" \/>\n<meta property=\"og:type\" content=\"article\" \/>\n<meta property=\"og:title\" content=\"Gemba nap helysz\u00edn - LEI\" \/>\n<meta property=\"og:url\" content=\"https:\/\/lean.org.hu\/en\/gemba_nap_helyszin_jelentkezes\/\" \/>\n<meta property=\"og:site_name\" content=\"LEI\" \/>\n<meta property=\"article:publisher\" content=\"https:\/\/www.facebook.com\/LEI.Hungary\" \/>\n<meta property=\"article:modified_time\" content=\"2023-11-30T10:13:09+00:00\" \/>\n<meta name=\"twitter:card\" content=\"summary_large_image\" \/>\n<meta name=\"twitter:label1\" content=\"Estimated reading time\" \/>\n\t<meta name=\"twitter:data1\" content=\"1 minute\" \/>\n<script type=\"application\/ld+json\" class=\"yoast-schema-graph\">{\"@context\":\"https:\\\/\\\/schema.org\",\"@graph\":[{\"@type\":\"WebPage\",\"@id\":\"https:\\\/\\\/lean.org.hu\\\/gemba_nap_helyszin_jelentkezes\\\/\",\"url\":\"https:\\\/\\\/lean.org.hu\\\/gemba_nap_helyszin_jelentkezes\\\/\",\"name\":\"Gemba nap helysz\u00edn - LEI\",\"isPartOf\":{\"@id\":\"https:\\\/\\\/lean.org.hu\\\/#website\"},\"datePublished\":\"2023-11-30T09:53:00+00:00\",\"dateModified\":\"2023-11-30T10:13:09+00:00\",\"breadcrumb\":{\"@id\":\"https:\\\/\\\/lean.org.hu\\\/gemba_nap_helyszin_jelentkezes\\\/#breadcrumb\"},\"inLanguage\":\"en-GB\",\"potentialAction\":[{\"@type\":\"ReadAction\",\"target\":[\"https:\\\/\\\/lean.org.hu\\\/gemba_nap_helyszin_jelentkezes\\\/\"]}]},{\"@type\":\"BreadcrumbList\",\"@id\":\"https:\\\/\\\/lean.org.hu\\\/gemba_nap_helyszin_jelentkezes\\\/#breadcrumb\",\"itemListElement\":[{\"@type\":\"ListItem\",\"position\":1,\"name\":\"Kezd\u0151lap\",\"item\":\"https:\\\/\\\/lean.org.hu\\\/\"},{\"@type\":\"ListItem\",\"position\":2,\"name\":\"Gemba nap helysz\u00edn\"}]},{\"@type\":\"WebSite\",\"@id\":\"https:\\\/\\\/lean.org.hu\\\/#website\",\"url\":\"https:\\\/\\\/lean.org.hu\\\/\",\"name\":\"LEI\",\"description\":\"\",\"publisher\":{\"@id\":\"https:\\\/\\\/lean.org.hu\\\/#organization\"},\"potentialAction\":[{\"@type\":\"SearchAction\",\"target\":{\"@type\":\"EntryPoint\",\"urlTemplate\":\"https:\\\/\\\/lean.org.hu\\\/?s={search_term_string}\"},\"query-input\":{\"@type\":\"PropertyValueSpecification\",\"valueRequired\":true,\"valueName\":\"search_term_string\"}}],\"inLanguage\":\"en-GB\"},{\"@type\":\"Organization\",\"@id\":\"https:\\\/\\\/lean.org.hu\\\/#organization\",\"name\":\"LEI\",\"url\":\"https:\\\/\\\/lean.org.hu\\\/\",\"logo\":{\"@type\":\"ImageObject\",\"inLanguage\":\"en-GB\",\"@id\":\"https:\\\/\\\/lean.org.hu\\\/#\\\/schema\\\/logo\\\/image\\\/\",\"url\":\"https:\\\/\\\/lean.org.hu\\\/wp-content\\\/uploads\\\/2020\\\/07\\\/cropped-lean_logo_final_color_horizontal.png\",\"contentUrl\":\"https:\\\/\\\/lean.org.hu\\\/wp-content\\\/uploads\\\/2020\\\/07\\\/cropped-lean_logo_final_color_horizontal.png\",\"width\":779,\"height\":288,\"caption\":\"LEI\"},\"image\":{\"@id\":\"https:\\\/\\\/lean.org.hu\\\/#\\\/schema\\\/logo\\\/image\\\/\"},\"sameAs\":[\"https:\\\/\\\/www.facebook.com\\\/LEI.Hungary\",\"https:\\\/\\\/www.linkedin.com\\\/company\\\/lean-enterprise-institute-hungary\"]}]}<\/script>\n<!-- \/ Yoast SEO plugin. -->","yoast_head_json":{"title":"Gemba nap helysz\u00edn - LEI","robots":{"index":"index","follow":"follow","max-snippet":"max-snippet:-1","max-image-preview":"max-image-preview:large","max-video-preview":"max-video-preview:-1"},"canonical":"https:\/\/lean.org.hu\/en\/gemba_nap_helyszin_jelentkezes\/","og_locale":"en_GB","og_type":"article","og_title":"Gemba nap helysz\u00edn - LEI","og_url":"https:\/\/lean.org.hu\/en\/gemba_nap_helyszin_jelentkezes\/","og_site_name":"LEI","article_publisher":"https:\/\/www.facebook.com\/LEI.Hungary","article_modified_time":"2023-11-30T10:13:09+00:00","twitter_card":"summary_large_image","twitter_misc":{"Estimated reading time":"1 minute"},"schema":{"@context":"https:\/\/schema.org","@graph":[{"@type":"WebPage","@id":"https:\/\/lean.org.hu\/gemba_nap_helyszin_jelentkezes\/","url":"https:\/\/lean.org.hu\/gemba_nap_helyszin_jelentkezes\/","name":"Gemba nap helysz\u00edn - LEI","isPartOf":{"@id":"https:\/\/lean.org.hu\/#website"},"datePublished":"2023-11-30T09:53:00+00:00","dateModified":"2023-11-30T10:13:09+00:00","breadcrumb":{"@id":"https:\/\/lean.org.hu\/gemba_nap_helyszin_jelentkezes\/#breadcrumb"},"inLanguage":"en-GB","potentialAction":[{"@type":"ReadAction","target":["https:\/\/lean.org.hu\/gemba_nap_helyszin_jelentkezes\/"]}]},{"@type":"BreadcrumbList","@id":"https:\/\/lean.org.hu\/gemba_nap_helyszin_jelentkezes\/#breadcrumb","itemListElement":[{"@type":"ListItem","position":1,"name":"Kezd\u0151lap","item":"https:\/\/lean.org.hu\/"},{"@type":"ListItem","position":2,"name":"Gemba nap helysz\u00edn"}]},{"@type":"WebSite","@id":"https:\/\/lean.org.hu\/#website","url":"https:\/\/lean.org.hu\/","name":"LEI","description":"","publisher":{"@id":"https:\/\/lean.org.hu\/#organization"},"potentialAction":[{"@type":"SearchAction","target":{"@type":"EntryPoint","urlTemplate":"https:\/\/lean.org.hu\/?s={search_term_string}"},"query-input":{"@type":"PropertyValueSpecification","valueRequired":true,"valueName":"search_term_string"}}],"inLanguage":"en-GB"},{"@type":"Organization","@id":"https:\/\/lean.org.hu\/#organization","name":"LEI","url":"https:\/\/lean.org.hu\/","logo":{"@type":"ImageObject","inLanguage":"en-GB","@id":"https:\/\/lean.org.hu\/#\/schema\/logo\/image\/","url":"https:\/\/lean.org.hu\/wp-content\/uploads\/2020\/07\/cropped-lean_logo_final_color_horizontal.png","contentUrl":"https:\/\/lean.org.hu\/wp-content\/uploads\/2020\/07\/cropped-lean_logo_final_color_horizontal.png","width":779,"height":288,"caption":"LEI"},"image":{"@id":"https:\/\/lean.org.hu\/#\/schema\/logo\/image\/"},"sameAs":["https:\/\/www.facebook.com\/LEI.Hungary","https:\/\/www.linkedin.com\/company\/lean-enterprise-institute-hungary"]}]}},"_links":{"self":[{"href":"https:\/\/lean.org.hu\/en\/wp-json\/wp\/v2\/pages\/143568","targetHints":{"allow":["GET"]}}],"collection":[{"href":"https:\/\/lean.org.hu\/en\/wp-json\/wp\/v2\/pages"}],"about":[{"href":"https:\/\/lean.org.hu\/en\/wp-json\/wp\/v2\/types\/page"}],"author":[{"embeddable":true,"href":"https:\/\/lean.org.hu\/en\/wp-json\/wp\/v2\/users\/9"}],"replies":[{"embeddable":true,"href":"https:\/\/lean.org.hu\/en\/wp-json\/wp\/v2\/comments?post=143568"}],"version-history":[{"count":5,"href":"https:\/\/lean.org.hu\/en\/wp-json\/wp\/v2\/pages\/143568\/revisions"}],"predecessor-version":[{"id":143575,"href":"https:\/\/lean.org.hu\/en\/wp-json\/wp\/v2\/pages\/143568\/revisions\/143575"}],"wp:attachment":[{"href":"https:\/\/lean.org.hu\/en\/wp-json\/wp\/v2\/media?parent=143568"}],"curies":[{"name":"wp","href":"https:\/\/api.w.org\/{rel}","templated":true}]}}