{"id":139424,"date":"2022-12-05T14:23:01","date_gmt":"2022-12-05T12:23:01","guid":{"rendered":"https:\/\/lean.org.hu\/?page_id=139424"},"modified":"2024-10-22T08:34:29","modified_gmt":"2024-10-22T06:34:29","slug":"menedzsmentor","status":"publish","type":"page","link":"https:\/\/lean.org.hu\/en\/menedzsmentor\/","title":{"rendered":"Menedzsmentor"},"content":{"rendered":"<div class=\"wp-block-image\">\n<figure class=\"aligncenter size-large\"><a href=\"https:\/\/menedzsmentor.com\/\" target=\"_blank\" rel=\"noreferrer noopener\"><img fetchpriority=\"high\" decoding=\"async\" width=\"1024\" height=\"219\" src=\"https:\/\/lean.org.hu\/wp-content\/uploads\/2022\/12\/fooldal-banner_nagyobb_1400x300-1024x219.png\" alt=\"Menedzsmentor\" class=\"wp-image-139451\" srcset=\"https:\/\/lean.org.hu\/wp-content\/uploads\/2022\/12\/fooldal-banner_nagyobb_1400x300-1024x219.png 1024w, https:\/\/lean.org.hu\/wp-content\/uploads\/2022\/12\/fooldal-banner_nagyobb_1400x300-300x64.png 300w, https:\/\/lean.org.hu\/wp-content\/uploads\/2022\/12\/fooldal-banner_nagyobb_1400x300-768x165.png 768w, https:\/\/lean.org.hu\/wp-content\/uploads\/2022\/12\/fooldal-banner_nagyobb_1400x300-18x4.png 18w, https:\/\/lean.org.hu\/wp-content\/uploads\/2022\/12\/fooldal-banner_nagyobb_1400x300-200x43.png 200w, https:\/\/lean.org.hu\/wp-content\/uploads\/2022\/12\/fooldal-banner_nagyobb_1400x300.png 1400w\" sizes=\"(max-width: 1024px) 100vw, 1024px\" \/><\/a><\/figure><\/div>\n\n\n<p>A <strong>Menedzsmentor <\/strong>egy eur\u00f3pai<strong> hum\u00e1n tan\u00e1csad\u00f3 v\u00e1llalkoz\u00e1s<\/strong> budapesti k\u00f6zponttal.<strong> Szervezetfejleszt\u00e9si <\/strong>projektjeik sor\u00e1n <strong>\u00fcgyfeleikkel <\/strong>k\u00f6z\u00f6sen alak\u00edtj\u00e1k ki azokat a v\u00e1ltoz\u00e1si \u00e9s \u00e1talakul\u00e1si folyamatokat, amelyek<strong> fenntarthat\u00f3ak \u00e9s hat\u00e9konyak.<\/strong> Koll\u00e9g\u00e1ink tapasztalt szakemberek, nagyv\u00e1llalatok vezet\u0151i poz\u00edci\u00f3iban szereztek t\u00f6bb \u00e9ves gyakorlatot. A munk\u00e1ikat h\u00e1rom alapvet\u0151 szempont szerint v\u00e9gzik:<\/p>\n\n\n\n<div style=\"height:30px\" aria-hidden=\"true\" class=\"wp-block-spacer\"><\/div>\n\n\n\n<div class=\"wp-block-columns is-layout-flex wp-container-core-columns-is-layout-9d6595d7 wp-block-columns-is-layout-flex\">\n<div class=\"wp-block-column is-layout-flow wp-block-column-is-layout-flow\">\n<h2 class=\"wp-block-heading has-text-align-center has-text-color has-link-color wp-elements-7db417b7f6aa4962f321ba1a3e6c6b14\" style=\"color:#45b1f2;font-size:26px\"><strong>Er\u0151ss\u00e9gekre \u00e9p\u00edtenek<\/strong><\/h2>\n\n\n\n<p class=\"has-text-align-center\">Vezet\u0151fejleszt\u0151 programjaik sor\u00e1n mindig az er\u0151ss\u00e9gekre alapoznak \u00e9s nem a gyenges\u00e9gek kijav\u00edt\u00e1s\u00e1ra helyezik a hangs\u00falyt.<\/p>\n<\/div>\n\n\n\n<div class=\"wp-block-column is-layout-flow wp-block-column-is-layout-flow\">\n<h2 class=\"wp-block-heading has-text-align-center has-text-color has-link-color wp-elements-4e4aff69ba46b4c53c08ad3102d29308\" style=\"color:#45b1f2;font-size:26px\"><strong>Gyakorlatias megold\u00e1sok<\/strong><\/h2>\n\n\n\n<p class=\"has-text-align-center\">A tudom &#8211; csin\u00e1lom szakad\u00e9kot c\u00e9lozz\u00e1k meg, \u00fcgyfeleikkel k\u00f6z\u00f6sen \u00e9rik el a v\u00e1ltoz\u00e1sokat az \u00e9szoszt\u00e1s \u00e9s mell\u00e9besz\u00e9l\u00e9s helyett.<\/p>\n<\/div>\n\n\n\n<div class=\"wp-block-column is-layout-flow wp-block-column-is-layout-flow\">\n<h2 class=\"wp-block-heading has-text-align-center has-text-color has-link-color wp-elements-dfebf4f52e025ba37270cf5b1b1ff4b9\" style=\"color:#45b1f2;font-size:26px\"><strong>Egyszer\u0171en k\u00f6nnyebb<\/strong><\/h2>\n\n\n\n<p class=\"has-text-align-center\">Kisebb, inkrement\u00e1lis l\u00e9p\u00e9sekben haladnak, hogy a dolgok t\u00e9nyleg meg is t\u00f6rt\u00e9njenek \u00e9s a v\u00e1ltoz\u00e1s hossz\u00fat\u00e1v\u00fa legyen.<\/p>\n<\/div>\n<\/div>\n\n\n\n<div style=\"height:31px\" aria-hidden=\"true\" class=\"wp-block-spacer\"><\/div>\n\n\n\n<h2 class=\"wp-block-heading has-text-align-center\"><strong>Act2Manage for Employees alkalmaz\u00e1s<\/strong><\/h2>\n\n\n\n<div style=\"height:10px\" aria-hidden=\"true\" class=\"wp-block-spacer\"><\/div>\n\n\n\n<p class=\"has-text-align-center has-base-3-color has-luminous-vivid-amber-to-luminous-vivid-orange-gradient-background has-text-color has-background has-link-color has-medium-font-size wp-elements-6fb1b7aeaab937db469e6edb3851c05c\">A Magyarorsz\u00e1gi Lean Sz\u00f6vets\u00e9g v\u00e1llalati tagjai <strong>exkluz\u00edv,<\/strong> <strong>3 h\u00f3napos hozz\u00e1f\u00e9r\u00e9st<\/strong> kapnak az <strong>Act2Manage for Employees<\/strong> alkalmaz\u00e1shoz max. 20 f\u0151s \u00f6nk\u00e9ntes csapatuk sz\u00e1m\u00e1ra, nett\u00f3 320.000 Ft \u00e9rt\u00e9kben.<\/p>\n\n\n\n<div style=\"height:10px\" aria-hidden=\"true\" class=\"wp-block-spacer\"><\/div>\n\n\n\n<p>Az <strong>Act2Manage<\/strong> egy viselked\u00e9sv\u00e1ltoz\u00e1st el\u0151seg\u00edt\u0151 alkalmaz\u00e1s, amely a v\u00e1llalat alkalmazottainak seg\u00edt abban, hogy <strong>k\u00e9pess\u00e9geiket <\/strong>\u00e9s<strong> teljes\u00edtm\u00e9ny\u00fcket fejlessz\u00e9k.<\/strong><\/p>\n\n\n\n<p>Az app <strong>micro-learning<\/strong> egys\u00e9gekbe szervezve ad lehets\u00e9ges v\u00e1laszokat a leggyakoribb munkahelyi helyzetekre \u00e9s dilemm\u00e1kra. V\u00e1llal\u00e1sok <strong>nyomon k\u00f6vet\u00e9se<\/strong> \u00e9s azok megval\u00f3sul\u00e1s\u00e1nak <strong>eml\u00e9keztet\u0151kkel t\u00f6rt\u00e9n\u0151 t\u00e1mogat\u00e1sa<\/strong> r\u00e9v\u00e9n seg\u00edti a tanultak gyakorlatba \u00fcltet\u00e9s\u00e9t. A <strong>j\u00e1t\u00e9kos\u00edt\u00e1s<\/strong> pedig n\u00f6veli a felhaszn\u00e1l\u00f3i \u00e9lm\u00e9nyt \u00e9s a folyamat \u00e9lvezhet\u0151s\u00e9g\u00e9t.<\/p>\n\n\n\n<div style=\"height:10px\" aria-hidden=\"true\" class=\"wp-block-spacer\"><\/div>\n\n\n\n<div class=\"wp-block-columns are-vertically-aligned-center has-background is-layout-flex wp-container-core-columns-is-layout-9d6595d7 wp-block-columns-is-layout-flex\" style=\"background:linear-gradient(128deg,rgb(69,177,242) 0%,rgb(188,100,164) 100%)\">\n<div class=\"wp-block-column is-vertically-aligned-center is-layout-flow wp-block-column-is-layout-flow\">\n<div style=\"height:30px\" aria-hidden=\"true\" class=\"wp-block-spacer\"><\/div>\n\n\n<div class=\"wp-block-image\">\n<figure class=\"aligncenter size-full is-resized\"><a href=\"https:\/\/www.youtube.com\/watch?v=uKJWmmTExDI\" target=\"_blank\" rel=\"noreferrer noopener\"><img decoding=\"async\" width=\"506\" height=\"282\" src=\"https:\/\/lean.org.hu\/wp-content\/uploads\/2024\/09\/Kepernyokep-2024-09-20-093153-1.png\" alt=\"\" class=\"wp-image-145832\" style=\"width:453px;height:auto\" srcset=\"https:\/\/lean.org.hu\/wp-content\/uploads\/2024\/09\/Kepernyokep-2024-09-20-093153-1.png 506w, https:\/\/lean.org.hu\/wp-content\/uploads\/2024\/09\/Kepernyokep-2024-09-20-093153-1-300x167.png 300w, https:\/\/lean.org.hu\/wp-content\/uploads\/2024\/09\/Kepernyokep-2024-09-20-093153-1-18x10.png 18w, https:\/\/lean.org.hu\/wp-content\/uploads\/2024\/09\/Kepernyokep-2024-09-20-093153-1-200x111.png 200w\" sizes=\"(max-width: 506px) 100vw, 506px\" \/><\/a><\/figure><\/div>\n\n\n<div style=\"height:30px\" aria-hidden=\"true\" class=\"wp-block-spacer\"><\/div>\n<\/div>\n\n\n\n<div class=\"wp-block-column is-vertically-aligned-center is-layout-flow wp-block-column-is-layout-flow\">\n<h2 class=\"wp-block-heading alignwide has-text-align-center has-base-3-color has-text-color has-link-color wp-elements-37ccc908a1256bfeed621790a73725ef\" style=\"font-size:34px\"><strong>Ismerd meg<\/strong><br>az Act2Manage<br>for Employees alkalmaz\u00e1st!<\/h2>\n<\/div>\n<\/div>\n\n\n\n<div style=\"height:20px\" aria-hidden=\"true\" class=\"wp-block-spacer\"><\/div>\n\n\n\n<p class=\"has-text-align-center has-medium-font-size\"><strong>Keressetek benn\u00fcnket<\/strong> az <a href=\"mailto:info@lean.org.hu\">info@lean.org.hu<\/a> c\u00edmen \u00e9s <strong>pr\u00f3b\u00e1lj\u00e1tok ki ti is<\/strong> ezt az izgalmas \u00e9s rendk\u00edv\u00fcl hat\u00e9kony alkalmaz\u00e1st!<\/p>\n\n\n\n<div style=\"height:100px\" aria-hidden=\"true\" class=\"wp-block-spacer\"><\/div>","protected":false},"excerpt":{"rendered":"","protected":false},"author":9,"featured_media":0,"parent":0,"menu_order":0,"comment_status":"closed","ping_status":"closed","template":"","meta":{"_eb_attr":"","footnotes":""},"class_list":{"0":"post-139424","1":"page","2":"type-page","3":"status-publish","5":"infinite-scroll-item","6":"no-featured-image-padding"},"featured_image_src":null,"yoast_head":"<!-- This site is optimized with the Yoast SEO plugin v27.6 - https:\/\/yoast.com\/product\/yoast-seo-wordpress\/ -->\n<title>Menedzsmentor - LEI<\/title>\n<meta name=\"robots\" content=\"index, follow, max-snippet:-1, max-image-preview:large, max-video-preview:-1\" \/>\n<link rel=\"canonical\" href=\"https:\/\/lean.org.hu\/en\/menedzsmentor\/\" \/>\n<meta property=\"og:locale\" content=\"en_GB\" \/>\n<meta property=\"og:type\" content=\"article\" \/>\n<meta property=\"og:title\" content=\"Menedzsmentor - LEI\" \/>\n<meta property=\"og:url\" content=\"https:\/\/lean.org.hu\/en\/menedzsmentor\/\" \/>\n<meta property=\"og:site_name\" content=\"LEI\" \/>\n<meta property=\"article:publisher\" content=\"https:\/\/www.facebook.com\/LEI.Hungary\" \/>\n<meta property=\"article:modified_time\" content=\"2024-10-22T06:34:29+00:00\" \/>\n<meta property=\"og:image\" content=\"https:\/\/lean.org.hu\/wp-content\/uploads\/2022\/12\/fooldal-banner_nagyobb_1400x300.png\" \/>\n\t<meta property=\"og:image:width\" content=\"1400\" \/>\n\t<meta property=\"og:image:height\" content=\"300\" \/>\n\t<meta property=\"og:image:type\" content=\"image\/png\" \/>\n<meta name=\"twitter:card\" content=\"summary_large_image\" \/>\n<meta name=\"twitter:label1\" content=\"Estimated reading time\" \/>\n\t<meta name=\"twitter:data1\" content=\"2 minutes\" \/>\n<script type=\"application\/ld+json\" class=\"yoast-schema-graph\">{\"@context\":\"https:\\\/\\\/schema.org\",\"@graph\":[{\"@type\":\"WebPage\",\"@id\":\"https:\\\/\\\/lean.org.hu\\\/menedzsmentor\\\/\",\"url\":\"https:\\\/\\\/lean.org.hu\\\/menedzsmentor\\\/\",\"name\":\"Menedzsmentor - LEI\",\"isPartOf\":{\"@id\":\"https:\\\/\\\/lean.org.hu\\\/#website\"},\"primaryImageOfPage\":{\"@id\":\"https:\\\/\\\/lean.org.hu\\\/menedzsmentor\\\/#primaryimage\"},\"image\":{\"@id\":\"https:\\\/\\\/lean.org.hu\\\/menedzsmentor\\\/#primaryimage\"},\"thumbnailUrl\":\"https:\\\/\\\/lean.org.hu\\\/wp-content\\\/uploads\\\/2022\\\/12\\\/fooldal-banner_nagyobb_1400x300-1024x219.png\",\"datePublished\":\"2022-12-05T12:23:01+00:00\",\"dateModified\":\"2024-10-22T06:34:29+00:00\",\"breadcrumb\":{\"@id\":\"https:\\\/\\\/lean.org.hu\\\/menedzsmentor\\\/#breadcrumb\"},\"inLanguage\":\"en-GB\",\"potentialAction\":[{\"@type\":\"ReadAction\",\"target\":[\"https:\\\/\\\/lean.org.hu\\\/menedzsmentor\\\/\"]}]},{\"@type\":\"ImageObject\",\"inLanguage\":\"en-GB\",\"@id\":\"https:\\\/\\\/lean.org.hu\\\/menedzsmentor\\\/#primaryimage\",\"url\":\"https:\\\/\\\/lean.org.hu\\\/wp-content\\\/uploads\\\/2022\\\/12\\\/fooldal-banner_nagyobb_1400x300-1024x219.png\",\"contentUrl\":\"https:\\\/\\\/lean.org.hu\\\/wp-content\\\/uploads\\\/2022\\\/12\\\/fooldal-banner_nagyobb_1400x300-1024x219.png\"},{\"@type\":\"BreadcrumbList\",\"@id\":\"https:\\\/\\\/lean.org.hu\\\/menedzsmentor\\\/#breadcrumb\",\"itemListElement\":[{\"@type\":\"ListItem\",\"position\":1,\"name\":\"Kezd\u0151lap\",\"item\":\"https:\\\/\\\/lean.org.hu\\\/\"},{\"@type\":\"ListItem\",\"position\":2,\"name\":\"Menedzsmentor\"}]},{\"@type\":\"WebSite\",\"@id\":\"https:\\\/\\\/lean.org.hu\\\/#website\",\"url\":\"https:\\\/\\\/lean.org.hu\\\/\",\"name\":\"LEI\",\"description\":\"\",\"publisher\":{\"@id\":\"https:\\\/\\\/lean.org.hu\\\/#organization\"},\"potentialAction\":[{\"@type\":\"SearchAction\",\"target\":{\"@type\":\"EntryPoint\",\"urlTemplate\":\"https:\\\/\\\/lean.org.hu\\\/?s={search_term_string}\"},\"query-input\":{\"@type\":\"PropertyValueSpecification\",\"valueRequired\":true,\"valueName\":\"search_term_string\"}}],\"inLanguage\":\"en-GB\"},{\"@type\":\"Organization\",\"@id\":\"https:\\\/\\\/lean.org.hu\\\/#organization\",\"name\":\"LEI\",\"url\":\"https:\\\/\\\/lean.org.hu\\\/\",\"logo\":{\"@type\":\"ImageObject\",\"inLanguage\":\"en-GB\",\"@id\":\"https:\\\/\\\/lean.org.hu\\\/#\\\/schema\\\/logo\\\/image\\\/\",\"url\":\"https:\\\/\\\/lean.org.hu\\\/wp-content\\\/uploads\\\/2020\\\/07\\\/cropped-lean_logo_final_color_horizontal.png\",\"contentUrl\":\"https:\\\/\\\/lean.org.hu\\\/wp-content\\\/uploads\\\/2020\\\/07\\\/cropped-lean_logo_final_color_horizontal.png\",\"width\":779,\"height\":288,\"caption\":\"LEI\"},\"image\":{\"@id\":\"https:\\\/\\\/lean.org.hu\\\/#\\\/schema\\\/logo\\\/image\\\/\"},\"sameAs\":[\"https:\\\/\\\/www.facebook.com\\\/LEI.Hungary\",\"https:\\\/\\\/www.linkedin.com\\\/company\\\/lean-enterprise-institute-hungary\"]}]}<\/script>\n<!-- \/ Yoast SEO plugin. -->","yoast_head_json":{"title":"Menedzsmentor - LEI","robots":{"index":"index","follow":"follow","max-snippet":"max-snippet:-1","max-image-preview":"max-image-preview:large","max-video-preview":"max-video-preview:-1"},"canonical":"https:\/\/lean.org.hu\/en\/menedzsmentor\/","og_locale":"en_GB","og_type":"article","og_title":"Menedzsmentor - LEI","og_url":"https:\/\/lean.org.hu\/en\/menedzsmentor\/","og_site_name":"LEI","article_publisher":"https:\/\/www.facebook.com\/LEI.Hungary","article_modified_time":"2024-10-22T06:34:29+00:00","og_image":[{"width":1400,"height":300,"url":"https:\/\/lean.org.hu\/wp-content\/uploads\/2022\/12\/fooldal-banner_nagyobb_1400x300.png","type":"image\/png"}],"twitter_card":"summary_large_image","twitter_misc":{"Estimated reading time":"2 minutes"},"schema":{"@context":"https:\/\/schema.org","@graph":[{"@type":"WebPage","@id":"https:\/\/lean.org.hu\/menedzsmentor\/","url":"https:\/\/lean.org.hu\/menedzsmentor\/","name":"Menedzsmentor - LEI","isPartOf":{"@id":"https:\/\/lean.org.hu\/#website"},"primaryImageOfPage":{"@id":"https:\/\/lean.org.hu\/menedzsmentor\/#primaryimage"},"image":{"@id":"https:\/\/lean.org.hu\/menedzsmentor\/#primaryimage"},"thumbnailUrl":"https:\/\/lean.org.hu\/wp-content\/uploads\/2022\/12\/fooldal-banner_nagyobb_1400x300-1024x219.png","datePublished":"2022-12-05T12:23:01+00:00","dateModified":"2024-10-22T06:34:29+00:00","breadcrumb":{"@id":"https:\/\/lean.org.hu\/menedzsmentor\/#breadcrumb"},"inLanguage":"en-GB","potentialAction":[{"@type":"ReadAction","target":["https:\/\/lean.org.hu\/menedzsmentor\/"]}]},{"@type":"ImageObject","inLanguage":"en-GB","@id":"https:\/\/lean.org.hu\/menedzsmentor\/#primaryimage","url":"https:\/\/lean.org.hu\/wp-content\/uploads\/2022\/12\/fooldal-banner_nagyobb_1400x300-1024x219.png","contentUrl":"https:\/\/lean.org.hu\/wp-content\/uploads\/2022\/12\/fooldal-banner_nagyobb_1400x300-1024x219.png"},{"@type":"BreadcrumbList","@id":"https:\/\/lean.org.hu\/menedzsmentor\/#breadcrumb","itemListElement":[{"@type":"ListItem","position":1,"name":"Kezd\u0151lap","item":"https:\/\/lean.org.hu\/"},{"@type":"ListItem","position":2,"name":"Menedzsmentor"}]},{"@type":"WebSite","@id":"https:\/\/lean.org.hu\/#website","url":"https:\/\/lean.org.hu\/","name":"LEI","description":"","publisher":{"@id":"https:\/\/lean.org.hu\/#organization"},"potentialAction":[{"@type":"SearchAction","target":{"@type":"EntryPoint","urlTemplate":"https:\/\/lean.org.hu\/?s={search_term_string}"},"query-input":{"@type":"PropertyValueSpecification","valueRequired":true,"valueName":"search_term_string"}}],"inLanguage":"en-GB"},{"@type":"Organization","@id":"https:\/\/lean.org.hu\/#organization","name":"LEI","url":"https:\/\/lean.org.hu\/","logo":{"@type":"ImageObject","inLanguage":"en-GB","@id":"https:\/\/lean.org.hu\/#\/schema\/logo\/image\/","url":"https:\/\/lean.org.hu\/wp-content\/uploads\/2020\/07\/cropped-lean_logo_final_color_horizontal.png","contentUrl":"https:\/\/lean.org.hu\/wp-content\/uploads\/2020\/07\/cropped-lean_logo_final_color_horizontal.png","width":779,"height":288,"caption":"LEI"},"image":{"@id":"https:\/\/lean.org.hu\/#\/schema\/logo\/image\/"},"sameAs":["https:\/\/www.facebook.com\/LEI.Hungary","https:\/\/www.linkedin.com\/company\/lean-enterprise-institute-hungary"]}]}},"_links":{"self":[{"href":"https:\/\/lean.org.hu\/en\/wp-json\/wp\/v2\/pages\/139424","targetHints":{"allow":["GET"]}}],"collection":[{"href":"https:\/\/lean.org.hu\/en\/wp-json\/wp\/v2\/pages"}],"about":[{"href":"https:\/\/lean.org.hu\/en\/wp-json\/wp\/v2\/types\/page"}],"author":[{"embeddable":true,"href":"https:\/\/lean.org.hu\/en\/wp-json\/wp\/v2\/users\/9"}],"replies":[{"embeddable":true,"href":"https:\/\/lean.org.hu\/en\/wp-json\/wp\/v2\/comments?post=139424"}],"version-history":[{"count":5,"href":"https:\/\/lean.org.hu\/en\/wp-json\/wp\/v2\/pages\/139424\/revisions"}],"predecessor-version":[{"id":146171,"href":"https:\/\/lean.org.hu\/en\/wp-json\/wp\/v2\/pages\/139424\/revisions\/146171"}],"wp:attachment":[{"href":"https:\/\/lean.org.hu\/en\/wp-json\/wp\/v2\/media?parent=139424"}],"curies":[{"name":"wp","href":"https:\/\/api.w.org\/{rel}","templated":true}]}}